{"id":2356,"date":"2024-01-18T18:41:38","date_gmt":"2024-01-18T18:41:38","guid":{"rendered":"https:\/\/blueviolet-fox-172966.hostingersite.com\/?page_id=2356"},"modified":"2024-01-18T18:49:15","modified_gmt":"2024-01-18T18:49:15","slug":"peritaje-social","status":"publish","type":"page","link":"https:\/\/pedresterapias.com\/es\/peritaje-social\/","title":{"rendered":"Peritaje Social"},"content":{"rendered":"\t\t<div data-elementor-type=\"wp-page\" data-elementor-id=\"2356\" class=\"elementor elementor-2356\">\n\t\t\t\t\t\t<section class=\"elementor-section elementor-top-section elementor-element elementor-element-14bb8dd1 elementor-section-boxed elementor-section-height-default elementor-section-height-default elementor-invisible\" data-id=\"14bb8dd1\" data-element_type=\"section\" data-e-type=\"section\" data-settings=\"{&quot;background_background&quot;:&quot;classic&quot;,&quot;animation&quot;:&quot;fadeIn&quot;}\">\n\t\t\t\t\t\t\t<div class=\"elementor-background-overlay\"><\/div>\n\t\t\t\t\t\t\t<div class=\"elementor-container elementor-column-gap-no\">\n\t\t\t\t\t<div class=\"elementor-column elementor-col-100 elementor-top-column elementor-element elementor-element-703cfacb\" data-id=\"703cfacb\" data-element_type=\"column\" data-e-type=\"column\">\n\t\t\t<div class=\"elementor-widget-wrap elementor-element-populated\">\n\t\t\t\t\t\t<section class=\"elementor-section elementor-inner-section elementor-element elementor-element-27aa66df elementor-section-boxed elementor-section-height-default elementor-section-height-default\" data-id=\"27aa66df\" data-element_type=\"section\" data-e-type=\"section\">\n\t\t\t\t\t\t<div class=\"elementor-container elementor-column-gap-default\">\n\t\t\t\t\t<div class=\"elementor-column elementor-col-33 elementor-inner-column elementor-element elementor-element-442b38a6\" data-id=\"442b38a6\" data-element_type=\"column\" data-e-type=\"column\">\n\t\t\t<div class=\"elementor-widget-wrap\">\n\t\t\t\t\t\t\t<\/div>\n\t\t<\/div>\n\t\t\t\t<div class=\"elementor-column elementor-col-33 elementor-inner-column elementor-element elementor-element-5593fa80\" data-id=\"5593fa80\" data-element_type=\"column\" data-e-type=\"column\">\n\t\t\t<div class=\"elementor-widget-wrap elementor-element-populated\">\n\t\t\t\t\t\t<div class=\"elementor-element elementor-element-1d97f3ff elementor-widget elementor-widget-spacer\" data-id=\"1d97f3ff\" data-element_type=\"widget\" data-e-type=\"widget\" data-widget_type=\"spacer.default\">\n\t\t\t\t<div class=\"elementor-widget-container\">\n\t\t\t\t\t\t\t<div class=\"elementor-spacer\">\n\t\t\t<div class=\"elementor-spacer-inner\"><\/div>\n\t\t<\/div>\n\t\t\t\t\t\t<\/div>\n\t\t\t\t<\/div>\n\t\t\t\t<div class=\"elementor-element elementor-element-6eb874bb elementor-widget elementor-widget-heading\" data-id=\"6eb874bb\" data-element_type=\"widget\" data-e-type=\"widget\" data-widget_type=\"heading.default\">\n\t\t\t\t<div class=\"elementor-widget-container\">\n\t\t\t\t\t<h1 class=\"elementor-heading-title elementor-size-default\">Peritaje Social<\/h1>\t\t\t\t<\/div>\n\t\t\t\t<\/div>\n\t\t\t\t<div class=\"elementor-element elementor-element-56e84c52 elementor-widget elementor-widget-spacer\" data-id=\"56e84c52\" data-element_type=\"widget\" data-e-type=\"widget\" data-widget_type=\"spacer.default\">\n\t\t\t\t<div class=\"elementor-widget-container\">\n\t\t\t\t\t\t\t<div class=\"elementor-spacer\">\n\t\t\t<div class=\"elementor-spacer-inner\"><\/div>\n\t\t<\/div>\n\t\t\t\t\t\t<\/div>\n\t\t\t\t<\/div>\n\t\t\t\t\t<\/div>\n\t\t<\/div>\n\t\t\t\t<div class=\"elementor-column elementor-col-33 elementor-inner-column elementor-element elementor-element-1b75b47\" data-id=\"1b75b47\" data-element_type=\"column\" data-e-type=\"column\">\n\t\t\t<div class=\"elementor-widget-wrap\">\n\t\t\t\t\t\t\t<\/div>\n\t\t<\/div>\n\t\t\t\t\t<\/div>\n\t\t<\/section>\n\t\t\t\t\t<\/div>\n\t\t<\/div>\n\t\t\t\t\t<\/div>\n\t\t<\/section>\n\t\t\t\t<section class=\"elementor-section elementor-top-section elementor-element elementor-element-71d5dd24 entry__article elementor-section-boxed elementor-section-height-default elementor-section-height-default\" data-id=\"71d5dd24\" data-element_type=\"section\" data-e-type=\"section\">\n\t\t\t\t\t\t<div class=\"elementor-container elementor-column-gap-default\">\n\t\t\t\t\t<div class=\"elementor-column elementor-col-100 elementor-top-column elementor-element elementor-element-e7d6133\" data-id=\"e7d6133\" data-element_type=\"column\" data-e-type=\"column\" data-settings=\"{&quot;background_background&quot;:&quot;classic&quot;}\">\n\t\t\t<div class=\"elementor-widget-wrap elementor-element-populated\">\n\t\t\t\t\t\t<section class=\"elementor-section elementor-inner-section elementor-element elementor-element-55992eb8 elementor-section-boxed elementor-section-height-default elementor-section-height-default\" data-id=\"55992eb8\" data-element_type=\"section\" data-e-type=\"section\">\n\t\t\t\t\t\t<div class=\"elementor-container elementor-column-gap-default\">\n\t\t\t\t\t<div class=\"elementor-column elementor-col-100 elementor-inner-column elementor-element elementor-element-52d0358\" data-id=\"52d0358\" data-element_type=\"column\" data-e-type=\"column\">\n\t\t\t<div class=\"elementor-widget-wrap elementor-element-populated\">\n\t\t\t\t\t\t<div class=\"elementor-element elementor-element-27c7e8a2 elementor-widget elementor-widget-spacer\" data-id=\"27c7e8a2\" data-element_type=\"widget\" data-e-type=\"widget\" data-widget_type=\"spacer.default\">\n\t\t\t\t<div class=\"elementor-widget-container\">\n\t\t\t\t\t\t\t<div class=\"elementor-spacer\">\n\t\t\t<div class=\"elementor-spacer-inner\"><\/div>\n\t\t<\/div>\n\t\t\t\t\t\t<\/div>\n\t\t\t\t<\/div>\n\t\t\t\t<div class=\"elementor-element elementor-element-5d310e71 elementor-widget elementor-widget-heading\" data-id=\"5d310e71\" data-element_type=\"widget\" data-e-type=\"widget\" data-widget_type=\"heading.default\">\n\t\t\t\t<div class=\"elementor-widget-container\">\n\t\t\t\t\t<h3 class=\"elementor-heading-title elementor-size-default\">Peritaje Social\u200b<\/h3>\t\t\t\t<\/div>\n\t\t\t\t<\/div>\n\t\t\t\t<div class=\"elementor-element elementor-element-5b6fd89a animated-slow elementor-invisible elementor-widget elementor-widget-text-editor\" data-id=\"5b6fd89a\" data-element_type=\"widget\" data-e-type=\"widget\" data-settings=\"{&quot;_animation&quot;:&quot;fadeIn&quot;}\" data-widget_type=\"text-editor.default\">\n\t\t\t\t<div class=\"elementor-widget-container\">\n\t\t\t\t\t\t\t\t\t<p>Realizo <strong>Informes Periciales Sociales<\/strong> sobre Procesos de guarda y custodia de menores, Regulaci\u00f3n del r\u00e9gimen de visitas, Acogimientos, Puntos de encuentro familiar, Divorcios y Separaciones.<\/p><p><strong>Objetivos del Peritaje Social<\/strong><\/p><p>La finalidad del Peritaje Social es valorar los aspectos sociales que pueden afectar al sujeto. Lo que permite\u00a0conocer el contexto del individuo, y su evoluci\u00f3n a lo largo del tiempo. Revelando datos sobre aspectos Familiares, Sociales, Culturales, Econ\u00f3micos, Laborales, De vivienda y Educaci\u00f3n.<\/p>\t\t\t\t\t\t\t\t<\/div>\n\t\t\t\t<\/div>\n\t\t\t\t<div class=\"elementor-element elementor-element-a1f2348 animated-slow elementor-invisible elementor-widget elementor-widget-text-editor\" data-id=\"a1f2348\" data-element_type=\"widget\" data-e-type=\"widget\" data-settings=\"{&quot;_animation&quot;:&quot;fadeIn&quot;}\" data-widget_type=\"text-editor.default\">\n\t\t\t\t<div class=\"elementor-widget-container\">\n\t\t\t\t\t\t\t\t\t<p>El contenido del Peritaje Social incluye 3 partes, principalmente:<\/p><ol><li>Estudio social:\u00a0Donde se expone toda la informaci\u00f3n extraida de la investigaci\u00f3n.<\/li><li>Interpretaci\u00f3n pericial: Que implica el diagn\u00f3stico de la situaci\u00f3n y las conclusiones del perito.<\/li><li>Recomendaciones: El Peritaje Social puede incluir la propuesta por parte del Perito, de cara a mejorar la situaci\u00f3n en el \u00e1mbito social del individuo.<\/li><\/ol><p>\u00c1mbitos de actuaci\u00f3n<\/p><p>Un Informe Pericial Social se realiza para ayudar a Personas f\u00edsicas, Abogados y Jueces en el trancurso de diferentes procesos. Nuestro servicio especializado se centra en los siguientes \u00e1mbitos de actuaci\u00f3n:<\/p>\t\t\t\t\t\t\t\t<\/div>\n\t\t\t\t<\/div>\n\t\t\t\t<div class=\"elementor-element elementor-element-b74d948 elementor-widget elementor-widget-image\" data-id=\"b74d948\" data-element_type=\"widget\" data-e-type=\"widget\" data-widget_type=\"image.default\">\n\t\t\t\t<div class=\"elementor-widget-container\">\n\t\t\t\t\t\t\t\t\t\t\t\t\t\t\t<img data-opt-id=1739353111  loading=\"eager\" fetchpriority=\"high\" decoding=\"async\" width=\"1100\" height=\"583\" src=\"https:\/\/mloq66zuv9ko.i.optimole.com\/w:1100\/h:583\/q:mauto\/f:best\/https:\/\/pedresterapias.com\/wp-content\/uploads\/2024\/01\/peritaje-social.jpg\" class=\"attachment-full size-full wp-image-2365\" alt=\"peritaje social\" srcset=\"https:\/\/mloq66zuv9ko.i.optimole.com\/w:1100\/h:583\/q:mauto\/f:best\/https:\/\/pedresterapias.com\/wp-content\/uploads\/2024\/01\/peritaje-social.jpg 1100w, https:\/\/mloq66zuv9ko.i.optimole.com\/w:300\/h:159\/q:mauto\/f:best\/https:\/\/pedresterapias.com\/wp-content\/uploads\/2024\/01\/peritaje-social.jpg 300w, https:\/\/mloq66zuv9ko.i.optimole.com\/w:1024\/h:543\/q:mauto\/f:best\/https:\/\/pedresterapias.com\/wp-content\/uploads\/2024\/01\/peritaje-social.jpg 1024w, https:\/\/mloq66zuv9ko.i.optimole.com\/w:768\/h:407\/q:mauto\/f:best\/https:\/\/pedresterapias.com\/wp-content\/uploads\/2024\/01\/peritaje-social.jpg 768w, https:\/\/mloq66zuv9ko.i.optimole.com\/w:1074\/h:569\/q:mauto\/f:best\/https:\/\/pedresterapias.com\/wp-content\/uploads\/2024\/01\/peritaje-social.jpg 1074w, https:\/\/mloq66zuv9ko.i.optimole.com\/w:350\/h:186\/q:mauto\/f:best\/https:\/\/pedresterapias.com\/wp-content\/uploads\/2024\/01\/peritaje-social.jpg 350w\" sizes=\"(max-width: 1100px) 100vw, 1100px\" \/>\t\t\t\t\t\t\t\t\t\t\t\t\t\t\t<\/div>\n\t\t\t\t<\/div>\n\t\t\t\t<div class=\"elementor-element elementor-element-1f477be2 elementor-invisible elementor-widget elementor-widget-text-editor\" data-id=\"1f477be2\" data-element_type=\"widget\" data-e-type=\"widget\" data-settings=\"{&quot;_animation&quot;:&quot;fadeIn&quot;}\" data-widget_type=\"text-editor.default\">\n\t\t\t\t<div class=\"elementor-widget-container\">\n\t\t\t\t\t\t\t\t\t<p><strong>PROCESOS DE FAMILIA<\/strong><\/p><p>Dentro de los procesos de familia, son especialmente comunes y delicados los\u00a0procesos de Separaci\u00f3n o Divorcio. En ellos, un Peritaje Social ayudar\u00e1 a determinar las medidas provisionales o definitivas, en relaci\u00f3n con la\u00a0custodia y el r\u00e9gimen de visitas.\u00a0As\u00ed como otros procedimientos de parejas de hecho donde haya hijos menores.<\/p><p>Se realiza un an\u00e1lisis de la\u00a0perspectiva jur\u00eddica\u00a0de conflictos en el seno familiar, en relaci\u00f3n\u00a0con los \u00e1mbitos: social, afectivo, educativo, cultural y socio-econ\u00f3mico. El dictamen Social puede ser fundamental en casos relativos a:\u00a0patria potestad\u00a0y guarda; acogimientos y\u00a0adopciones; an\u00e1lisis de recursos, puntos de encuentro familiar, etc.<\/p><p><strong>PROCESOS CON MENORES<\/strong><\/p><p>Se realiza una evaluaci\u00f3n de las medidas que tienen como finalidad la\u00a0reinserci\u00f3n de menores o su seguimiento o tratamiento, individualizaci\u00f3n de la pena, coordinaci\u00f3n de Servicios Sociales, Salud Mental, Protecci\u00f3n del menor, Juzgados, etc.<\/p>\t\t\t\t\t\t\t\t<\/div>\n\t\t\t\t<\/div>\n\t\t\t\t\t<\/div>\n\t\t<\/div>\n\t\t\t\t\t<\/div>\n\t\t<\/section>\n\t\t\t\t\t<\/div>\n\t\t<\/div>\n\t\t\t\t\t<\/div>\n\t\t<\/section>\n\t\t\t\t<section class=\"elementor-section elementor-top-section elementor-element elementor-element-5a5ae69b elementor-section-boxed elementor-section-height-default elementor-section-height-default\" data-id=\"5a5ae69b\" data-element_type=\"section\" data-e-type=\"section\">\n\t\t\t\t\t\t<div class=\"elementor-container elementor-column-gap-default\">\n\t\t\t\t\t<div class=\"elementor-column elementor-col-100 elementor-top-column elementor-element elementor-element-4dc26f18\" data-id=\"4dc26f18\" data-element_type=\"column\" data-e-type=\"column\">\n\t\t\t<div class=\"elementor-widget-wrap elementor-element-populated\">\n\t\t\t\t\t\t<div class=\"elementor-element elementor-element-69deea42 elementor-widget elementor-widget-spacer\" data-id=\"69deea42\" data-element_type=\"widget\" data-e-type=\"widget\" data-widget_type=\"spacer.default\">\n\t\t\t\t<div class=\"elementor-widget-container\">\n\t\t\t\t\t\t\t<div class=\"elementor-spacer\">\n\t\t\t<div class=\"elementor-spacer-inner\"><\/div>\n\t\t<\/div>\n\t\t\t\t\t\t<\/div>\n\t\t\t\t<\/div>\n\t\t\t\t\t<\/div>\n\t\t<\/div>\n\t\t\t\t\t<\/div>\n\t\t<\/section>\n\t\t\t\t<section class=\"elementor-section elementor-top-section elementor-element elementor-element-23447d5c elementor-section-boxed elementor-section-height-default elementor-section-height-default\" data-id=\"23447d5c\" data-element_type=\"section\" data-e-type=\"section\" data-settings=\"{&quot;background_background&quot;:&quot;classic&quot;}\">\n\t\t\t\t\t\t<div class=\"elementor-container elementor-column-gap-no\">\n\t\t\t\t\t<div class=\"elementor-column elementor-col-100 elementor-top-column elementor-element elementor-element-7ce37322\" data-id=\"7ce37322\" data-element_type=\"column\" data-e-type=\"column\">\n\t\t\t<div class=\"elementor-widget-wrap elementor-element-populated\">\n\t\t\t\t\t\t<section class=\"elementor-section elementor-inner-section elementor-element elementor-element-607cdb15 elementor-section-boxed elementor-section-height-default elementor-section-height-default\" data-id=\"607cdb15\" data-element_type=\"section\" data-e-type=\"section\">\n\t\t\t\t\t\t<div class=\"elementor-container elementor-column-gap-default\">\n\t\t\t\t\t<div class=\"elementor-column elementor-col-100 elementor-inner-column elementor-element elementor-element-2c71e2b8\" data-id=\"2c71e2b8\" data-element_type=\"column\" data-e-type=\"column\">\n\t\t\t<div class=\"elementor-widget-wrap elementor-element-populated\">\n\t\t\t\t\t\t<div class=\"elementor-element elementor-element-4491d362 elementor-widget elementor-widget-spacer\" data-id=\"4491d362\" data-element_type=\"widget\" data-e-type=\"widget\" data-widget_type=\"spacer.default\">\n\t\t\t\t<div class=\"elementor-widget-container\">\n\t\t\t\t\t\t\t<div class=\"elementor-spacer\">\n\t\t\t<div class=\"elementor-spacer-inner\"><\/div>\n\t\t<\/div>\n\t\t\t\t\t\t<\/div>\n\t\t\t\t<\/div>\n\t\t\t\t<div class=\"elementor-element elementor-element-1d1a4b41 call-to-action__title elementor-widget elementor-widget-heading\" data-id=\"1d1a4b41\" data-element_type=\"widget\" data-e-type=\"widget\" data-widget_type=\"heading.default\">\n\t\t\t\t<div class=\"elementor-widget-container\">\n\t\t\t\t\t<h3 class=\"elementor-heading-title elementor-size-default\">\u00bfC\u00f3mo podemos ayudarte?<\/h3>\t\t\t\t<\/div>\n\t\t\t\t<\/div>\n\t\t\t\t<div class=\"elementor-element elementor-element-788d56c9 elementor-align-center elementor-widget elementor-widget-button\" data-id=\"788d56c9\" data-element_type=\"widget\" data-e-type=\"widget\" data-widget_type=\"button.default\">\n\t\t\t\t<div class=\"elementor-widget-container\">\n\t\t\t\t\t\t\t\t\t<div class=\"elementor-button-wrapper\">\n\t\t\t\t\t<a class=\"elementor-button elementor-button-link elementor-size-lg\" href=\"https:\/\/blueviolet-fox-172966.hostingersite.com\/contacto\/\">\n\t\t\t\t\t\t<span class=\"elementor-button-content-wrapper\">\n\t\t\t\t\t\t<span class=\"elementor-button-icon\">\n\t\t\t\t<i aria-hidden=\"true\" class=\"far fa-envelope\"><\/i>\t\t\t<\/span>\n\t\t\t\t\t\t\t\t\t<span class=\"elementor-button-text\">Contactar<\/span>\n\t\t\t\t\t<\/span>\n\t\t\t\t\t<\/a>\n\t\t\t\t<\/div>\n\t\t\t\t\t\t\t\t<\/div>\n\t\t\t\t<\/div>\n\t\t\t\t<div class=\"elementor-element elementor-element-48d4882e elementor-widget elementor-widget-spacer\" data-id=\"48d4882e\" data-element_type=\"widget\" data-e-type=\"widget\" data-widget_type=\"spacer.default\">\n\t\t\t\t<div class=\"elementor-widget-container\">\n\t\t\t\t\t\t\t<div class=\"elementor-spacer\">\n\t\t\t<div class=\"elementor-spacer-inner\"><\/div>\n\t\t<\/div>\n\t\t\t\t\t\t<\/div>\n\t\t\t\t<\/div>\n\t\t\t\t\t<\/div>\n\t\t<\/div>\n\t\t\t\t\t<\/div>\n\t\t<\/section>\n\t\t\t\t\t<\/div>\n\t\t<\/div>\n\t\t\t\t\t<\/div>\n\t\t<\/section>\n\t\t\t\t<section class=\"elementor-section elementor-top-section elementor-element elementor-element-77f42853 elementor-section-boxed elementor-section-height-default elementor-section-height-default\" data-id=\"77f42853\" data-element_type=\"section\" data-e-type=\"section\">\n\t\t\t\t\t\t<div class=\"elementor-container elementor-column-gap-default\">\n\t\t\t\t\t<div class=\"elementor-column elementor-col-100 elementor-top-column elementor-element elementor-element-4bfa332f\" data-id=\"4bfa332f\" data-element_type=\"column\" data-e-type=\"column\">\n\t\t\t<div class=\"elementor-widget-wrap elementor-element-populated\">\n\t\t\t\t\t\t<div class=\"elementor-element elementor-element-304b0828 elementor-widget elementor-widget-spacer\" data-id=\"304b0828\" data-element_type=\"widget\" data-e-type=\"widget\" data-widget_type=\"spacer.default\">\n\t\t\t\t<div class=\"elementor-widget-container\">\n\t\t\t\t\t\t\t<div class=\"elementor-spacer\">\n\t\t\t<div class=\"elementor-spacer-inner\"><\/div>\n\t\t<\/div>\n\t\t\t\t\t\t<\/div>\n\t\t\t\t<\/div>\n\t\t\t\t\t<\/div>\n\t\t<\/div>\n\t\t\t\t\t<\/div>\n\t\t<\/section>\n\t\t\t\t<\/div>\n\t\t","protected":false},"excerpt":{"rendered":"<p>Peritaje Social Peritaje Social? Realizo Informes Periciales Sociales sobre Procesos de guarda y custodia de menores, Regulaci\u00f3n del r\u00e9gimen de&#8230;<\/p>\n","protected":false},"author":1,"featured_media":0,"parent":0,"menu_order":0,"comment_status":"closed","ping_status":"closed","template":"","meta":{"footnotes":""},"class_list":["post-2356","page","type-page","status-publish","hentry"],"yoast_head":"<!-- This site is optimized with the Yoast SEO plugin v27.1.1 - https:\/\/yoast.com\/product\/yoast-seo-wordpress\/ -->\n<title>Peritaje Social - Pedres<\/title>\n<meta name=\"robots\" content=\"index, follow, max-snippet:-1, max-image-preview:large, max-video-preview:-1\" \/>\n<link rel=\"canonical\" href=\"https:\/\/pedresterapias.com\/es\/peritaje-social\/\" \/>\n<meta property=\"og:locale\" content=\"es_ES\" \/>\n<meta property=\"og:type\" content=\"article\" \/>\n<meta property=\"og:title\" content=\"Peritaje Social - Pedres\" \/>\n<meta property=\"og:description\" content=\"Peritaje Social Peritaje Social? Realizo Informes Periciales Sociales sobre Procesos de guarda y custodia de menores, Regulaci\u00f3n del r\u00e9gimen de...\" \/>\n<meta property=\"og:url\" content=\"https:\/\/pedresterapias.com\/es\/peritaje-social\/\" \/>\n<meta property=\"og:site_name\" content=\"Pedres\" \/>\n<meta property=\"article:modified_time\" content=\"2024-01-18T18:49:15+00:00\" \/>\n<meta property=\"og:image\" content=\"https:\/\/mloq66zuv9ko.i.optimole.com\/w:auto\/h:auto\/q:mauto\/f:best\/http:\/\/pedresterapias.com\/wp-content\/uploads\/2024\/01\/peritaje-social.jpg\" \/>\n<meta name=\"twitter:card\" content=\"summary_large_image\" \/>\n<meta name=\"twitter:site\" content=\"@pedresterapias\" \/>\n<meta name=\"twitter:label1\" content=\"Tiempo de lectura\" \/>\n\t<meta name=\"twitter:data1\" content=\"2 minutos\" \/>\n<script type=\"application\/ld+json\" class=\"yoast-schema-graph\">{\"@context\":\"https:\/\/schema.org\",\"@graph\":[{\"@type\":\"WebPage\",\"@id\":\"https:\/\/pedresterapias.com\/es\/peritaje-social\/\",\"url\":\"https:\/\/pedresterapias.com\/es\/peritaje-social\/\",\"name\":\"Peritaje Social - Pedres\",\"isPartOf\":{\"@id\":\"https:\/\/pedresterapias.com\/es\/#website\"},\"primaryImageOfPage\":{\"@id\":\"https:\/\/pedresterapias.com\/es\/peritaje-social\/#primaryimage\"},\"image\":{\"@id\":\"https:\/\/pedresterapias.com\/es\/peritaje-social\/#primaryimage\"},\"thumbnailUrl\":\"https:\/\/mloq66zuv9ko.i.optimole.com\/w:auto\/h:auto\/q:mauto\/f:best\/http:\/\/pedresterapias.com\/wp-content\/uploads\/2024\/01\/peritaje-social.jpg\",\"datePublished\":\"2024-01-18T18:41:38+00:00\",\"dateModified\":\"2024-01-18T18:49:15+00:00\",\"breadcrumb\":{\"@id\":\"https:\/\/pedresterapias.com\/es\/peritaje-social\/#breadcrumb\"},\"inLanguage\":\"es\",\"potentialAction\":[{\"@type\":\"ReadAction\",\"target\":[\"https:\/\/pedresterapias.com\/es\/peritaje-social\/\"]}]},{\"@type\":\"ImageObject\",\"inLanguage\":\"es\",\"@id\":\"https:\/\/pedresterapias.com\/es\/peritaje-social\/#primaryimage\",\"url\":\"https:\/\/mloq66zuv9ko.i.optimole.com\/w:auto\/h:auto\/q:mauto\/f:best\/http:\/\/pedresterapias.com\/wp-content\/uploads\/2024\/01\/peritaje-social.jpg\",\"contentUrl\":\"https:\/\/mloq66zuv9ko.i.optimole.com\/w:auto\/h:auto\/q:mauto\/f:best\/http:\/\/pedresterapias.com\/wp-content\/uploads\/2024\/01\/peritaje-social.jpg\"},{\"@type\":\"BreadcrumbList\",\"@id\":\"https:\/\/pedresterapias.com\/es\/peritaje-social\/#breadcrumb\",\"itemListElement\":[{\"@type\":\"ListItem\",\"position\":1,\"name\":\"Portada\",\"item\":\"https:\/\/pedresterapias.com\/es\/\"},{\"@type\":\"ListItem\",\"position\":2,\"name\":\"Peritaje Social\"}]},{\"@type\":\"WebSite\",\"@id\":\"https:\/\/pedresterapias.com\/es\/#website\",\"url\":\"https:\/\/pedresterapias.com\/es\/\",\"name\":\"Pedres\",\"description\":\"\",\"publisher\":{\"@id\":\"https:\/\/pedresterapias.com\/es\/#organization\"},\"potentialAction\":[{\"@type\":\"SearchAction\",\"target\":{\"@type\":\"EntryPoint\",\"urlTemplate\":\"https:\/\/pedresterapias.com\/es\/?s={search_term_string}\"},\"query-input\":{\"@type\":\"PropertyValueSpecification\",\"valueRequired\":true,\"valueName\":\"search_term_string\"}}],\"inLanguage\":\"es\"},{\"@type\":\"Organization\",\"@id\":\"https:\/\/pedresterapias.com\/es\/#organization\",\"name\":\"Pedres\",\"url\":\"https:\/\/pedresterapias.com\/es\/\",\"logo\":{\"@type\":\"ImageObject\",\"inLanguage\":\"es\",\"@id\":\"https:\/\/pedresterapias.com\/es\/#\/schema\/logo\/image\/\",\"url\":\"https:\/\/mloq66zuv9ko.i.optimole.com\/w:auto\/h:auto\/q:mauto\/f:best\/http:\/\/pedresterapias.com\/wp-content\/uploads\/2020\/09\/logo-pedres-footer.png\",\"contentUrl\":\"https:\/\/mloq66zuv9ko.i.optimole.com\/w:auto\/h:auto\/q:mauto\/f:best\/http:\/\/pedresterapias.com\/wp-content\/uploads\/2020\/09\/logo-pedres-footer.png\",\"width\":320,\"height\":101,\"caption\":\"Pedres\"},\"image\":{\"@id\":\"https:\/\/pedresterapias.com\/es\/#\/schema\/logo\/image\/\"},\"sameAs\":[\"https:\/\/x.com\/pedresterapias\",\"https:\/\/www.instagram.com\/pedresterapias\/\"]}]}<\/script>\n<!-- \/ Yoast SEO plugin. -->","yoast_head_json":{"title":"Peritaje Social - Pedres","robots":{"index":"index","follow":"follow","max-snippet":"max-snippet:-1","max-image-preview":"max-image-preview:large","max-video-preview":"max-video-preview:-1"},"canonical":"https:\/\/pedresterapias.com\/es\/peritaje-social\/","og_locale":"es_ES","og_type":"article","og_title":"Peritaje Social - Pedres","og_description":"Peritaje Social Peritaje Social? Realizo Informes Periciales Sociales sobre Procesos de guarda y custodia de menores, Regulaci\u00f3n del r\u00e9gimen de...","og_url":"https:\/\/pedresterapias.com\/es\/peritaje-social\/","og_site_name":"Pedres","article_modified_time":"2024-01-18T18:49:15+00:00","og_image":[{"url":"https:\/\/mloq66zuv9ko.i.optimole.com\/w:auto\/h:auto\/q:mauto\/f:best\/http:\/\/pedresterapias.com\/wp-content\/uploads\/2024\/01\/peritaje-social.jpg","type":"","width":"","height":""}],"twitter_card":"summary_large_image","twitter_site":"@pedresterapias","twitter_misc":{"Tiempo de lectura":"2 minutos"},"schema":{"@context":"https:\/\/schema.org","@graph":[{"@type":"WebPage","@id":"https:\/\/pedresterapias.com\/es\/peritaje-social\/","url":"https:\/\/pedresterapias.com\/es\/peritaje-social\/","name":"Peritaje Social - Pedres","isPartOf":{"@id":"https:\/\/pedresterapias.com\/es\/#website"},"primaryImageOfPage":{"@id":"https:\/\/pedresterapias.com\/es\/peritaje-social\/#primaryimage"},"image":{"@id":"https:\/\/pedresterapias.com\/es\/peritaje-social\/#primaryimage"},"thumbnailUrl":"https:\/\/mloq66zuv9ko.i.optimole.com\/w:auto\/h:auto\/q:mauto\/f:best\/http:\/\/pedresterapias.com\/wp-content\/uploads\/2024\/01\/peritaje-social.jpg","datePublished":"2024-01-18T18:41:38+00:00","dateModified":"2024-01-18T18:49:15+00:00","breadcrumb":{"@id":"https:\/\/pedresterapias.com\/es\/peritaje-social\/#breadcrumb"},"inLanguage":"es","potentialAction":[{"@type":"ReadAction","target":["https:\/\/pedresterapias.com\/es\/peritaje-social\/"]}]},{"@type":"ImageObject","inLanguage":"es","@id":"https:\/\/pedresterapias.com\/es\/peritaje-social\/#primaryimage","url":"https:\/\/mloq66zuv9ko.i.optimole.com\/w:auto\/h:auto\/q:mauto\/f:best\/http:\/\/pedresterapias.com\/wp-content\/uploads\/2024\/01\/peritaje-social.jpg","contentUrl":"https:\/\/mloq66zuv9ko.i.optimole.com\/w:auto\/h:auto\/q:mauto\/f:best\/http:\/\/pedresterapias.com\/wp-content\/uploads\/2024\/01\/peritaje-social.jpg"},{"@type":"BreadcrumbList","@id":"https:\/\/pedresterapias.com\/es\/peritaje-social\/#breadcrumb","itemListElement":[{"@type":"ListItem","position":1,"name":"Portada","item":"https:\/\/pedresterapias.com\/es\/"},{"@type":"ListItem","position":2,"name":"Peritaje Social"}]},{"@type":"WebSite","@id":"https:\/\/pedresterapias.com\/es\/#website","url":"https:\/\/pedresterapias.com\/es\/","name":"Pedres","description":"","publisher":{"@id":"https:\/\/pedresterapias.com\/es\/#organization"},"potentialAction":[{"@type":"SearchAction","target":{"@type":"EntryPoint","urlTemplate":"https:\/\/pedresterapias.com\/es\/?s={search_term_string}"},"query-input":{"@type":"PropertyValueSpecification","valueRequired":true,"valueName":"search_term_string"}}],"inLanguage":"es"},{"@type":"Organization","@id":"https:\/\/pedresterapias.com\/es\/#organization","name":"Pedres","url":"https:\/\/pedresterapias.com\/es\/","logo":{"@type":"ImageObject","inLanguage":"es","@id":"https:\/\/pedresterapias.com\/es\/#\/schema\/logo\/image\/","url":"https:\/\/mloq66zuv9ko.i.optimole.com\/w:auto\/h:auto\/q:mauto\/f:best\/http:\/\/pedresterapias.com\/wp-content\/uploads\/2020\/09\/logo-pedres-footer.png","contentUrl":"https:\/\/mloq66zuv9ko.i.optimole.com\/w:auto\/h:auto\/q:mauto\/f:best\/http:\/\/pedresterapias.com\/wp-content\/uploads\/2020\/09\/logo-pedres-footer.png","width":320,"height":101,"caption":"Pedres"},"image":{"@id":"https:\/\/pedresterapias.com\/es\/#\/schema\/logo\/image\/"},"sameAs":["https:\/\/x.com\/pedresterapias","https:\/\/www.instagram.com\/pedresterapias\/"]}]}},"_links":{"self":[{"href":"https:\/\/pedresterapias.com\/es\/wp-json\/wp\/v2\/pages\/2356","targetHints":{"allow":["GET"]}}],"collection":[{"href":"https:\/\/pedresterapias.com\/es\/wp-json\/wp\/v2\/pages"}],"about":[{"href":"https:\/\/pedresterapias.com\/es\/wp-json\/wp\/v2\/types\/page"}],"author":[{"embeddable":true,"href":"https:\/\/pedresterapias.com\/es\/wp-json\/wp\/v2\/users\/1"}],"replies":[{"embeddable":true,"href":"https:\/\/pedresterapias.com\/es\/wp-json\/wp\/v2\/comments?post=2356"}],"version-history":[{"count":13,"href":"https:\/\/pedresterapias.com\/es\/wp-json\/wp\/v2\/pages\/2356\/revisions"}],"predecessor-version":[{"id":2372,"href":"https:\/\/pedresterapias.com\/es\/wp-json\/wp\/v2\/pages\/2356\/revisions\/2372"}],"wp:attachment":[{"href":"https:\/\/pedresterapias.com\/es\/wp-json\/wp\/v2\/media?parent=2356"}],"curies":[{"name":"wp","href":"https:\/\/api.w.org\/{rel}","templated":true}]}}