{"id":1923,"date":"2020-10-04T09:05:28","date_gmt":"2020-10-04T09:05:28","guid":{"rendered":"https:\/\/blueviolet-fox-172966.hostingersite.com\/centro-de-privacidad\/politica-de-cookies\/"},"modified":"2020-10-04T16:34:13","modified_gmt":"2020-10-04T16:34:13","slug":"politica-de-cookies","status":"publish","type":"page","link":"https:\/\/pedresterapias.com\/es\/politica-de-cookies\/","title":{"rendered":"Pol\u00edtica de Cookies"},"content":{"rendered":"<h2> \u00bfQu\u00e9 es una cookie?<\/h2>\n<p>Las cookies son peque\u00f1os archivos de texto, creados por el sitio web visitado, que contienen datos. Se almacenan en la computadora del visitante para darle acceso al usuario a varias funciones. En este sitio web (el &#8220;Sitio&#8221;) se utilizan tanto cookies de sesi\u00f3n como cookies de no sesi\u00f3n. Una cookie de sesi\u00f3n se almacena temporalmente en la memoria de la computadora mientras el visitante navega por el sitio web. Esta cookie se borra cuando el usuario cierra su navegador web o despu\u00e9s de cierto tiempo (lo que significa que la sesi\u00f3n expira). Una cookie que no es de sesi\u00f3n permanece en la computadora del visitante hasta que se elimina.<\/p>\n<h2> \u00bfPor qu\u00e9 utilizamos cookies?<\/h2>\n<p>Utilizamos cookies para obtener m\u00e1s informaci\u00f3n sobre la forma en que los visitantes interact\u00faan con nuestro contenido y ayudarnos a mejorar la experiencia cuando visitan nuestro sitio.<\/p>\n<h2> Funcionalidad del sitio<\/h2>\n<p>Los visitantes utilizan la funci\u00f3n de compartir para recomendar nuestro Sitio y contenido en redes sociales como Facebook y Twitter. Las cookies almacenan informaci\u00f3n sobre c\u00f3mo los visitantes usan la funci\u00f3n de compartir, aunque no a nivel individual, para que el Sitio pueda mejorarse. Si no acepta las cookies, no se almacena informaci\u00f3n.<\/p>\n<p>Para algunas de las funciones dentro de nuestro Sitio, utilizamos proveedores externos, por ejemplo, cuando visita una p\u00e1gina con videos incrustados o enlaces a YouTube. Estos videos o enlaces (y cualquier otro contenido de proveedores externos) pueden contener cookies de terceros y es posible que desee consultar las pol\u00edticas de estos sitios web de terceros para obtener informaci\u00f3n sobre el uso de cookies.<\/p>\n<h2> Cookies que utilizamos:<\/h2>\n<p>Este sitio utiliza Google Analytics que utiliza cookies. A nivel agregado, las cookies almacenan informaci\u00f3n sobre c\u00f3mo los visitantes usan el Sitio, incluida la cantidad de p\u00e1ginas mostradas, de d\u00f3nde proviene el visitante y la cantidad de visitas, para mejorar el sitio web y garantizar una buena experiencia de usuario. Si no acepta las cookies, no se almacena informaci\u00f3n.<\/p>\n<h2> \u00bfC\u00f3mo rechazar las cookies?<\/h2>\n<p>No utilizaremos cookies para recopilar informaci\u00f3n de identificaci\u00f3n personal sobre un visitante.<\/p>\n<p>Sin embargo, puede optar por rechazar o bloquear las cookies establecidas por pedresterapias.com cambiando la configuraci\u00f3n de su navegador; consulte la &#8220;Funci\u00f3n de ayuda&#8221; dentro de su navegador para obtener m\u00e1s detalles. Tenga en cuenta que la mayor\u00eda de los navegadores aceptan cookies autom\u00e1ticamente, por lo que si no desea que se utilicen cookies, es posible que deba eliminarlas o bloquearlas de forma activa.<\/p>\n<p>Para obtener informaci\u00f3n sobre el uso de cookies en los navegadores de tel\u00e9fonos m\u00f3viles y para obtener detalles sobre c\u00f3mo rechazar o eliminar dichas cookies, consulte el manual de su tel\u00e9fono m\u00f3vil.<\/p>\n","protected":false},"excerpt":{"rendered":"<p>\u00bfQu\u00e9 es una cookie? Las cookies son peque\u00f1os archivos de texto, creados por el sitio web visitado, que contienen datos&#8230;.<\/p>\n","protected":false},"author":1,"featured_media":1498,"parent":0,"menu_order":0,"comment_status":"closed","ping_status":"closed","template":"","meta":{"footnotes":""},"class_list":["post-1923","page","type-page","status-publish","has-post-thumbnail","hentry"],"yoast_head":"<!-- This site is optimized with the Yoast SEO plugin v27.1.1 - https:\/\/yoast.com\/product\/yoast-seo-wordpress\/ -->\n<title>Pol\u00edtica de Cookies - Pedres<\/title>\n<meta name=\"robots\" content=\"index, follow, max-snippet:-1, max-image-preview:large, max-video-preview:-1\" \/>\n<link rel=\"canonical\" href=\"https:\/\/pedresterapias.com\/es\/politica-de-cookies\/\" \/>\n<meta property=\"og:locale\" content=\"es_ES\" \/>\n<meta property=\"og:type\" content=\"article\" \/>\n<meta property=\"og:title\" content=\"Pol\u00edtica de Cookies - Pedres\" \/>\n<meta property=\"og:description\" content=\"\u00bfQu\u00e9 es una cookie? Las cookies son peque\u00f1os archivos de texto, creados por el sitio web visitado, que contienen datos....\" \/>\n<meta property=\"og:url\" content=\"https:\/\/pedresterapias.com\/es\/politica-de-cookies\/\" \/>\n<meta property=\"og:site_name\" content=\"Pedres\" \/>\n<meta property=\"article:modified_time\" content=\"2020-10-04T16:34:13+00:00\" \/>\n<meta property=\"og:image\" content=\"https:\/\/mloq66zuv9ko.i.optimole.com\/w:1619\/h:1080\/q:mauto\/f:best\/https:\/\/pedresterapias.com\/wp-content\/uploads\/2020\/09\/pedres-zen.jpg\" \/>\n\t<meta property=\"og:image:width\" content=\"1900\" \/>\n\t<meta property=\"og:image:height\" content=\"1267\" \/>\n\t<meta property=\"og:image:type\" content=\"image\/jpeg\" \/>\n<meta name=\"twitter:card\" content=\"summary_large_image\" \/>\n<meta name=\"twitter:site\" content=\"@pedresterapias\" \/>\n<meta name=\"twitter:label1\" content=\"Tiempo de lectura\" \/>\n\t<meta name=\"twitter:data1\" content=\"2 minutos\" \/>\n<script type=\"application\/ld+json\" class=\"yoast-schema-graph\">{\"@context\":\"https:\/\/schema.org\",\"@graph\":[{\"@type\":\"WebPage\",\"@id\":\"https:\/\/pedresterapias.com\/es\/politica-de-cookies\/\",\"url\":\"https:\/\/pedresterapias.com\/es\/politica-de-cookies\/\",\"name\":\"Pol\u00edtica de Cookies - Pedres\",\"isPartOf\":{\"@id\":\"https:\/\/pedresterapias.com\/es\/#website\"},\"primaryImageOfPage\":{\"@id\":\"https:\/\/pedresterapias.com\/es\/politica-de-cookies\/#primaryimage\"},\"image\":{\"@id\":\"https:\/\/pedresterapias.com\/es\/politica-de-cookies\/#primaryimage\"},\"thumbnailUrl\":\"https:\/\/mloq66zuv9ko.i.optimole.com\/w:auto\/h:auto\/q:mauto\/f:best\/https:\/\/pedresterapias.com\/wp-content\/uploads\/2020\/09\/pedres-zen.jpg\",\"datePublished\":\"2020-10-04T09:05:28+00:00\",\"dateModified\":\"2020-10-04T16:34:13+00:00\",\"breadcrumb\":{\"@id\":\"https:\/\/pedresterapias.com\/es\/politica-de-cookies\/#breadcrumb\"},\"inLanguage\":\"es\",\"potentialAction\":[{\"@type\":\"ReadAction\",\"target\":[\"https:\/\/pedresterapias.com\/es\/politica-de-cookies\/\"]}]},{\"@type\":\"ImageObject\",\"inLanguage\":\"es\",\"@id\":\"https:\/\/pedresterapias.com\/es\/politica-de-cookies\/#primaryimage\",\"url\":\"https:\/\/mloq66zuv9ko.i.optimole.com\/w:auto\/h:auto\/q:mauto\/f:best\/https:\/\/pedresterapias.com\/wp-content\/uploads\/2020\/09\/pedres-zen.jpg\",\"contentUrl\":\"https:\/\/mloq66zuv9ko.i.optimole.com\/w:auto\/h:auto\/q:mauto\/f:best\/https:\/\/pedresterapias.com\/wp-content\/uploads\/2020\/09\/pedres-zen.jpg\",\"width\":1900,\"height\":1267},{\"@type\":\"BreadcrumbList\",\"@id\":\"https:\/\/pedresterapias.com\/es\/politica-de-cookies\/#breadcrumb\",\"itemListElement\":[{\"@type\":\"ListItem\",\"position\":1,\"name\":\"Portada\",\"item\":\"https:\/\/pedresterapias.com\/es\/\"},{\"@type\":\"ListItem\",\"position\":2,\"name\":\"Pol\u00edtica de Cookies\"}]},{\"@type\":\"WebSite\",\"@id\":\"https:\/\/pedresterapias.com\/es\/#website\",\"url\":\"https:\/\/pedresterapias.com\/es\/\",\"name\":\"Pedres\",\"description\":\"\",\"publisher\":{\"@id\":\"https:\/\/pedresterapias.com\/es\/#organization\"},\"potentialAction\":[{\"@type\":\"SearchAction\",\"target\":{\"@type\":\"EntryPoint\",\"urlTemplate\":\"https:\/\/pedresterapias.com\/es\/?s={search_term_string}\"},\"query-input\":{\"@type\":\"PropertyValueSpecification\",\"valueRequired\":true,\"valueName\":\"search_term_string\"}}],\"inLanguage\":\"es\"},{\"@type\":\"Organization\",\"@id\":\"https:\/\/pedresterapias.com\/es\/#organization\",\"name\":\"Pedres\",\"url\":\"https:\/\/pedresterapias.com\/es\/\",\"logo\":{\"@type\":\"ImageObject\",\"inLanguage\":\"es\",\"@id\":\"https:\/\/pedresterapias.com\/es\/#\/schema\/logo\/image\/\",\"url\":\"https:\/\/mloq66zuv9ko.i.optimole.com\/w:auto\/h:auto\/q:mauto\/f:best\/http:\/\/pedresterapias.com\/wp-content\/uploads\/2020\/09\/logo-pedres-footer.png\",\"contentUrl\":\"https:\/\/mloq66zuv9ko.i.optimole.com\/w:auto\/h:auto\/q:mauto\/f:best\/http:\/\/pedresterapias.com\/wp-content\/uploads\/2020\/09\/logo-pedres-footer.png\",\"width\":320,\"height\":101,\"caption\":\"Pedres\"},\"image\":{\"@id\":\"https:\/\/pedresterapias.com\/es\/#\/schema\/logo\/image\/\"},\"sameAs\":[\"https:\/\/x.com\/pedresterapias\",\"https:\/\/www.instagram.com\/pedresterapias\/\"]}]}<\/script>\n<!-- \/ Yoast SEO plugin. -->","yoast_head_json":{"title":"Pol\u00edtica de Cookies - Pedres","robots":{"index":"index","follow":"follow","max-snippet":"max-snippet:-1","max-image-preview":"max-image-preview:large","max-video-preview":"max-video-preview:-1"},"canonical":"https:\/\/pedresterapias.com\/es\/politica-de-cookies\/","og_locale":"es_ES","og_type":"article","og_title":"Pol\u00edtica de Cookies - Pedres","og_description":"\u00bfQu\u00e9 es una cookie? Las cookies son peque\u00f1os archivos de texto, creados por el sitio web visitado, que contienen datos....","og_url":"https:\/\/pedresterapias.com\/es\/politica-de-cookies\/","og_site_name":"Pedres","article_modified_time":"2020-10-04T16:34:13+00:00","og_image":[{"width":1900,"height":1267,"url":"https:\/\/mloq66zuv9ko.i.optimole.com\/w:1619\/h:1080\/q:mauto\/f:best\/https:\/\/pedresterapias.com\/wp-content\/uploads\/2020\/09\/pedres-zen.jpg","type":"image\/jpeg"}],"twitter_card":"summary_large_image","twitter_site":"@pedresterapias","twitter_misc":{"Tiempo de lectura":"2 minutos"},"schema":{"@context":"https:\/\/schema.org","@graph":[{"@type":"WebPage","@id":"https:\/\/pedresterapias.com\/es\/politica-de-cookies\/","url":"https:\/\/pedresterapias.com\/es\/politica-de-cookies\/","name":"Pol\u00edtica de Cookies - Pedres","isPartOf":{"@id":"https:\/\/pedresterapias.com\/es\/#website"},"primaryImageOfPage":{"@id":"https:\/\/pedresterapias.com\/es\/politica-de-cookies\/#primaryimage"},"image":{"@id":"https:\/\/pedresterapias.com\/es\/politica-de-cookies\/#primaryimage"},"thumbnailUrl":"https:\/\/mloq66zuv9ko.i.optimole.com\/w:auto\/h:auto\/q:mauto\/f:best\/https:\/\/pedresterapias.com\/wp-content\/uploads\/2020\/09\/pedres-zen.jpg","datePublished":"2020-10-04T09:05:28+00:00","dateModified":"2020-10-04T16:34:13+00:00","breadcrumb":{"@id":"https:\/\/pedresterapias.com\/es\/politica-de-cookies\/#breadcrumb"},"inLanguage":"es","potentialAction":[{"@type":"ReadAction","target":["https:\/\/pedresterapias.com\/es\/politica-de-cookies\/"]}]},{"@type":"ImageObject","inLanguage":"es","@id":"https:\/\/pedresterapias.com\/es\/politica-de-cookies\/#primaryimage","url":"https:\/\/mloq66zuv9ko.i.optimole.com\/w:auto\/h:auto\/q:mauto\/f:best\/https:\/\/pedresterapias.com\/wp-content\/uploads\/2020\/09\/pedres-zen.jpg","contentUrl":"https:\/\/mloq66zuv9ko.i.optimole.com\/w:auto\/h:auto\/q:mauto\/f:best\/https:\/\/pedresterapias.com\/wp-content\/uploads\/2020\/09\/pedres-zen.jpg","width":1900,"height":1267},{"@type":"BreadcrumbList","@id":"https:\/\/pedresterapias.com\/es\/politica-de-cookies\/#breadcrumb","itemListElement":[{"@type":"ListItem","position":1,"name":"Portada","item":"https:\/\/pedresterapias.com\/es\/"},{"@type":"ListItem","position":2,"name":"Pol\u00edtica de Cookies"}]},{"@type":"WebSite","@id":"https:\/\/pedresterapias.com\/es\/#website","url":"https:\/\/pedresterapias.com\/es\/","name":"Pedres","description":"","publisher":{"@id":"https:\/\/pedresterapias.com\/es\/#organization"},"potentialAction":[{"@type":"SearchAction","target":{"@type":"EntryPoint","urlTemplate":"https:\/\/pedresterapias.com\/es\/?s={search_term_string}"},"query-input":{"@type":"PropertyValueSpecification","valueRequired":true,"valueName":"search_term_string"}}],"inLanguage":"es"},{"@type":"Organization","@id":"https:\/\/pedresterapias.com\/es\/#organization","name":"Pedres","url":"https:\/\/pedresterapias.com\/es\/","logo":{"@type":"ImageObject","inLanguage":"es","@id":"https:\/\/pedresterapias.com\/es\/#\/schema\/logo\/image\/","url":"https:\/\/mloq66zuv9ko.i.optimole.com\/w:auto\/h:auto\/q:mauto\/f:best\/http:\/\/pedresterapias.com\/wp-content\/uploads\/2020\/09\/logo-pedres-footer.png","contentUrl":"https:\/\/mloq66zuv9ko.i.optimole.com\/w:auto\/h:auto\/q:mauto\/f:best\/http:\/\/pedresterapias.com\/wp-content\/uploads\/2020\/09\/logo-pedres-footer.png","width":320,"height":101,"caption":"Pedres"},"image":{"@id":"https:\/\/pedresterapias.com\/es\/#\/schema\/logo\/image\/"},"sameAs":["https:\/\/x.com\/pedresterapias","https:\/\/www.instagram.com\/pedresterapias\/"]}]}},"_links":{"self":[{"href":"https:\/\/pedresterapias.com\/es\/wp-json\/wp\/v2\/pages\/1923","targetHints":{"allow":["GET"]}}],"collection":[{"href":"https:\/\/pedresterapias.com\/es\/wp-json\/wp\/v2\/pages"}],"about":[{"href":"https:\/\/pedresterapias.com\/es\/wp-json\/wp\/v2\/types\/page"}],"author":[{"embeddable":true,"href":"https:\/\/pedresterapias.com\/es\/wp-json\/wp\/v2\/users\/1"}],"replies":[{"embeddable":true,"href":"https:\/\/pedresterapias.com\/es\/wp-json\/wp\/v2\/comments?post=1923"}],"version-history":[{"count":0,"href":"https:\/\/pedresterapias.com\/es\/wp-json\/wp\/v2\/pages\/1923\/revisions"}],"wp:featuredmedia":[{"embeddable":true,"href":"https:\/\/pedresterapias.com\/es\/wp-json\/wp\/v2\/media\/1498"}],"wp:attachment":[{"href":"https:\/\/pedresterapias.com\/es\/wp-json\/wp\/v2\/media?parent=1923"}],"curies":[{"name":"wp","href":"https:\/\/api.w.org\/{rel}","templated":true}]}}