{"id":1522,"date":"2020-09-26T11:04:20","date_gmt":"2020-09-26T11:04:20","guid":{"rendered":"https:\/\/blueviolet-fox-172966.hostingersite.com\/?page_id=1522"},"modified":"2024-01-19T09:52:10","modified_gmt":"2024-01-19T09:52:10","slug":"modelo-terapeutico","status":"publish","type":"page","link":"https:\/\/pedresterapias.com\/es\/modelo-terapeutico\/","title":{"rendered":"Modelo Terap\u00e9utico"},"content":{"rendered":"\t\t<div data-elementor-type=\"wp-page\" data-elementor-id=\"1522\" class=\"elementor elementor-1522\">\n\t\t\t\t\t\t<section class=\"elementor-section elementor-top-section elementor-element elementor-element-14bb8dd1 elementor-section-boxed elementor-section-height-default elementor-section-height-default elementor-invisible\" data-id=\"14bb8dd1\" data-element_type=\"section\" data-e-type=\"section\" data-settings=\"{&quot;background_background&quot;:&quot;classic&quot;,&quot;animation&quot;:&quot;fadeIn&quot;}\">\n\t\t\t\t\t\t\t<div class=\"elementor-background-overlay\"><\/div>\n\t\t\t\t\t\t\t<div class=\"elementor-container elementor-column-gap-no\">\n\t\t\t\t\t<div class=\"elementor-column elementor-col-100 elementor-top-column elementor-element elementor-element-703cfacb\" data-id=\"703cfacb\" data-element_type=\"column\" data-e-type=\"column\">\n\t\t\t<div class=\"elementor-widget-wrap elementor-element-populated\">\n\t\t\t\t\t\t<section class=\"elementor-section elementor-inner-section elementor-element elementor-element-27aa66df elementor-section-boxed elementor-section-height-default elementor-section-height-default\" data-id=\"27aa66df\" data-element_type=\"section\" data-e-type=\"section\">\n\t\t\t\t\t\t<div class=\"elementor-container elementor-column-gap-default\">\n\t\t\t\t\t<div class=\"elementor-column elementor-col-33 elementor-inner-column elementor-element elementor-element-442b38a6\" data-id=\"442b38a6\" data-element_type=\"column\" data-e-type=\"column\">\n\t\t\t<div class=\"elementor-widget-wrap\">\n\t\t\t\t\t\t\t<\/div>\n\t\t<\/div>\n\t\t\t\t<div class=\"elementor-column elementor-col-33 elementor-inner-column elementor-element elementor-element-5593fa80\" data-id=\"5593fa80\" data-element_type=\"column\" data-e-type=\"column\">\n\t\t\t<div class=\"elementor-widget-wrap elementor-element-populated\">\n\t\t\t\t\t\t<div class=\"elementor-element elementor-element-1d97f3ff elementor-widget elementor-widget-spacer\" data-id=\"1d97f3ff\" data-element_type=\"widget\" data-e-type=\"widget\" data-widget_type=\"spacer.default\">\n\t\t\t\t<div class=\"elementor-widget-container\">\n\t\t\t\t\t\t\t<div class=\"elementor-spacer\">\n\t\t\t<div class=\"elementor-spacer-inner\"><\/div>\n\t\t<\/div>\n\t\t\t\t\t\t<\/div>\n\t\t\t\t<\/div>\n\t\t\t\t<div class=\"elementor-element elementor-element-6eb874bb elementor-widget elementor-widget-heading\" data-id=\"6eb874bb\" data-element_type=\"widget\" data-e-type=\"widget\" data-widget_type=\"heading.default\">\n\t\t\t\t<div class=\"elementor-widget-container\">\n\t\t\t\t\t<h1 class=\"elementor-heading-title elementor-size-default\">Modelo Terap\u00e9utico<\/h1>\t\t\t\t<\/div>\n\t\t\t\t<\/div>\n\t\t\t\t<div class=\"elementor-element elementor-element-56e84c52 elementor-widget elementor-widget-spacer\" data-id=\"56e84c52\" data-element_type=\"widget\" data-e-type=\"widget\" data-widget_type=\"spacer.default\">\n\t\t\t\t<div class=\"elementor-widget-container\">\n\t\t\t\t\t\t\t<div class=\"elementor-spacer\">\n\t\t\t<div class=\"elementor-spacer-inner\"><\/div>\n\t\t<\/div>\n\t\t\t\t\t\t<\/div>\n\t\t\t\t<\/div>\n\t\t\t\t\t<\/div>\n\t\t<\/div>\n\t\t\t\t<div class=\"elementor-column elementor-col-33 elementor-inner-column elementor-element elementor-element-1b75b47\" data-id=\"1b75b47\" data-element_type=\"column\" data-e-type=\"column\">\n\t\t\t<div class=\"elementor-widget-wrap\">\n\t\t\t\t\t\t\t<\/div>\n\t\t<\/div>\n\t\t\t\t\t<\/div>\n\t\t<\/section>\n\t\t\t\t\t<\/div>\n\t\t<\/div>\n\t\t\t\t\t<\/div>\n\t\t<\/section>\n\t\t\t\t<section class=\"elementor-section elementor-top-section elementor-element elementor-element-71d5dd24 entry__article elementor-section-boxed elementor-section-height-default elementor-section-height-default\" data-id=\"71d5dd24\" data-element_type=\"section\" data-e-type=\"section\">\n\t\t\t\t\t\t<div class=\"elementor-container elementor-column-gap-default\">\n\t\t\t\t\t<div class=\"elementor-column elementor-col-100 elementor-top-column elementor-element elementor-element-e7d6133\" data-id=\"e7d6133\" data-element_type=\"column\" data-e-type=\"column\" data-settings=\"{&quot;background_background&quot;:&quot;classic&quot;}\">\n\t\t\t<div class=\"elementor-widget-wrap elementor-element-populated\">\n\t\t\t\t\t\t<section class=\"elementor-section elementor-inner-section elementor-element elementor-element-55992eb8 elementor-section-boxed elementor-section-height-default elementor-section-height-default\" data-id=\"55992eb8\" data-element_type=\"section\" data-e-type=\"section\">\n\t\t\t\t\t\t<div class=\"elementor-container elementor-column-gap-default\">\n\t\t\t\t\t<div class=\"elementor-column elementor-col-100 elementor-inner-column elementor-element elementor-element-52d0358\" data-id=\"52d0358\" data-element_type=\"column\" data-e-type=\"column\">\n\t\t\t<div class=\"elementor-widget-wrap elementor-element-populated\">\n\t\t\t\t\t\t<div class=\"elementor-element elementor-element-27c7e8a2 elementor-widget elementor-widget-spacer\" data-id=\"27c7e8a2\" data-element_type=\"widget\" data-e-type=\"widget\" data-widget_type=\"spacer.default\">\n\t\t\t\t<div class=\"elementor-widget-container\">\n\t\t\t\t\t\t\t<div class=\"elementor-spacer\">\n\t\t\t<div class=\"elementor-spacer-inner\"><\/div>\n\t\t<\/div>\n\t\t\t\t\t\t<\/div>\n\t\t\t\t<\/div>\n\t\t\t\t<div class=\"elementor-element elementor-element-5d310e71 elementor-widget elementor-widget-heading\" data-id=\"5d310e71\" data-element_type=\"widget\" data-e-type=\"widget\" data-widget_type=\"heading.default\">\n\t\t\t\t<div class=\"elementor-widget-container\">\n\t\t\t\t\t<h3 class=\"elementor-heading-title elementor-size-default\">Modelo Terap\u00e9utico<\/h3>\t\t\t\t<\/div>\n\t\t\t\t<\/div>\n\t\t\t\t<div class=\"elementor-element elementor-element-5b6fd89a animated-slow elementor-invisible elementor-widget elementor-widget-text-editor\" data-id=\"5b6fd89a\" data-element_type=\"widget\" data-e-type=\"widget\" data-settings=\"{&quot;_animation&quot;:&quot;fadeIn&quot;}\" data-widget_type=\"text-editor.default\">\n\t\t\t\t<div class=\"elementor-widget-container\">\n\t\t\t\t\t\t\t\t\t<p>El modelo consiste en ofrecer ayuda a las personas que perciben dificultades en sus relaciones familiares, con los hijos o en la pareja (crianza, hijos adolescentes, familias reconstituidas, problemas de pareja, separaciones, divorcios , etc.)<\/p><p>En un primer momento, nos centramos en entender y erap\u00e8uti la situaci\u00f3n, para erap\u00e8uticae plantear soluciones.<\/p><p>Utilizamos un conjunto de t\u00e9cnicas, erap\u00e8utica y tareas terap\u00e9uticas erap\u00e8u en el\u00a0<strong>Modelo de Terapia Familiar Sist\u00e9mica<\/strong> y de la <strong>Terapia Breve Centrada en las Soluciones<\/strong>.<\/p><p style=\"text-align: center;\"><span style=\"color: #000000;\"><strong>La relaci\u00f3n, la atenci\u00f3n y las tareas terap\u00e9uticas con las personas es mi marca personal.<\/strong><\/span><\/p><p>Os ayudo a poner en marcha soluciones y formas diferentes de relacionaros, potenciando las habilidades personales o familiares para mejorar la situaci\u00f3n que plante\u00e1is.<\/p>\t\t\t\t\t\t\t\t<\/div>\n\t\t\t\t<\/div>\n\t\t\t\t\t<\/div>\n\t\t<\/div>\n\t\t\t\t\t<\/div>\n\t\t<\/section>\n\t\t\t\t\t<\/div>\n\t\t<\/div>\n\t\t\t\t\t<\/div>\n\t\t<\/section>\n\t\t\t\t<section class=\"elementor-section elementor-top-section elementor-element elementor-element-5a5ae69b elementor-section-boxed elementor-section-height-default elementor-section-height-default\" data-id=\"5a5ae69b\" data-element_type=\"section\" data-e-type=\"section\">\n\t\t\t\t\t\t<div class=\"elementor-container elementor-column-gap-default\">\n\t\t\t\t\t<div class=\"elementor-column elementor-col-100 elementor-top-column elementor-element elementor-element-4dc26f18\" data-id=\"4dc26f18\" data-element_type=\"column\" data-e-type=\"column\">\n\t\t\t<div class=\"elementor-widget-wrap elementor-element-populated\">\n\t\t\t\t\t\t<div class=\"elementor-element elementor-element-69deea42 elementor-widget elementor-widget-spacer\" data-id=\"69deea42\" data-element_type=\"widget\" data-e-type=\"widget\" data-widget_type=\"spacer.default\">\n\t\t\t\t<div class=\"elementor-widget-container\">\n\t\t\t\t\t\t\t<div class=\"elementor-spacer\">\n\t\t\t<div class=\"elementor-spacer-inner\"><\/div>\n\t\t<\/div>\n\t\t\t\t\t\t<\/div>\n\t\t\t\t<\/div>\n\t\t\t\t\t<\/div>\n\t\t<\/div>\n\t\t\t\t\t<\/div>\n\t\t<\/section>\n\t\t\t\t<section class=\"elementor-section elementor-top-section elementor-element elementor-element-23447d5c elementor-section-boxed elementor-section-height-default elementor-section-height-default\" data-id=\"23447d5c\" data-element_type=\"section\" data-e-type=\"section\" data-settings=\"{&quot;background_background&quot;:&quot;classic&quot;}\">\n\t\t\t\t\t\t<div class=\"elementor-container elementor-column-gap-no\">\n\t\t\t\t\t<div class=\"elementor-column elementor-col-100 elementor-top-column elementor-element elementor-element-7ce37322\" data-id=\"7ce37322\" data-element_type=\"column\" data-e-type=\"column\">\n\t\t\t<div class=\"elementor-widget-wrap elementor-element-populated\">\n\t\t\t\t\t\t<section class=\"elementor-section elementor-inner-section elementor-element elementor-element-607cdb15 elementor-section-boxed elementor-section-height-default elementor-section-height-default\" data-id=\"607cdb15\" data-element_type=\"section\" data-e-type=\"section\">\n\t\t\t\t\t\t<div class=\"elementor-container elementor-column-gap-default\">\n\t\t\t\t\t<div class=\"elementor-column elementor-col-100 elementor-inner-column elementor-element elementor-element-2c71e2b8\" data-id=\"2c71e2b8\" data-element_type=\"column\" data-e-type=\"column\">\n\t\t\t<div class=\"elementor-widget-wrap elementor-element-populated\">\n\t\t\t\t\t\t<div class=\"elementor-element elementor-element-4491d362 elementor-widget elementor-widget-spacer\" data-id=\"4491d362\" data-element_type=\"widget\" data-e-type=\"widget\" data-widget_type=\"spacer.default\">\n\t\t\t\t<div class=\"elementor-widget-container\">\n\t\t\t\t\t\t\t<div class=\"elementor-spacer\">\n\t\t\t<div class=\"elementor-spacer-inner\"><\/div>\n\t\t<\/div>\n\t\t\t\t\t\t<\/div>\n\t\t\t\t<\/div>\n\t\t\t\t<div class=\"elementor-element elementor-element-1d1a4b41 call-to-action__title elementor-widget elementor-widget-heading\" data-id=\"1d1a4b41\" data-element_type=\"widget\" data-e-type=\"widget\" data-widget_type=\"heading.default\">\n\t\t\t\t<div class=\"elementor-widget-container\">\n\t\t\t\t\t<h3 class=\"elementor-heading-title elementor-size-default\">\u00bfC\u00f3mo podemos ayudarte?<\/h3>\t\t\t\t<\/div>\n\t\t\t\t<\/div>\n\t\t\t\t<div class=\"elementor-element elementor-element-788d56c9 elementor-align-center elementor-widget elementor-widget-button\" data-id=\"788d56c9\" data-element_type=\"widget\" data-e-type=\"widget\" data-widget_type=\"button.default\">\n\t\t\t\t<div class=\"elementor-widget-container\">\n\t\t\t\t\t\t\t\t\t<div class=\"elementor-button-wrapper\">\n\t\t\t\t\t<a class=\"elementor-button elementor-button-link elementor-size-lg\" href=\"https:\/\/blueviolet-fox-172966.hostingersite.com\/contacto\/\">\n\t\t\t\t\t\t<span class=\"elementor-button-content-wrapper\">\n\t\t\t\t\t\t<span class=\"elementor-button-icon\">\n\t\t\t\t<i aria-hidden=\"true\" class=\"far fa-envelope\"><\/i>\t\t\t<\/span>\n\t\t\t\t\t\t\t\t\t<span class=\"elementor-button-text\">Contactar<\/span>\n\t\t\t\t\t<\/span>\n\t\t\t\t\t<\/a>\n\t\t\t\t<\/div>\n\t\t\t\t\t\t\t\t<\/div>\n\t\t\t\t<\/div>\n\t\t\t\t<div class=\"elementor-element elementor-element-48d4882e elementor-widget elementor-widget-spacer\" data-id=\"48d4882e\" data-element_type=\"widget\" data-e-type=\"widget\" data-widget_type=\"spacer.default\">\n\t\t\t\t<div class=\"elementor-widget-container\">\n\t\t\t\t\t\t\t<div class=\"elementor-spacer\">\n\t\t\t<div class=\"elementor-spacer-inner\"><\/div>\n\t\t<\/div>\n\t\t\t\t\t\t<\/div>\n\t\t\t\t<\/div>\n\t\t\t\t\t<\/div>\n\t\t<\/div>\n\t\t\t\t\t<\/div>\n\t\t<\/section>\n\t\t\t\t\t<\/div>\n\t\t<\/div>\n\t\t\t\t\t<\/div>\n\t\t<\/section>\n\t\t\t\t<section class=\"elementor-section elementor-top-section elementor-element elementor-element-77f42853 elementor-section-boxed elementor-section-height-default elementor-section-height-default\" data-id=\"77f42853\" data-element_type=\"section\" data-e-type=\"section\">\n\t\t\t\t\t\t<div class=\"elementor-container elementor-column-gap-default\">\n\t\t\t\t\t<div class=\"elementor-column elementor-col-100 elementor-top-column elementor-element elementor-element-4bfa332f\" data-id=\"4bfa332f\" data-element_type=\"column\" data-e-type=\"column\">\n\t\t\t<div class=\"elementor-widget-wrap elementor-element-populated\">\n\t\t\t\t\t\t<div class=\"elementor-element elementor-element-304b0828 elementor-widget elementor-widget-spacer\" data-id=\"304b0828\" data-element_type=\"widget\" data-e-type=\"widget\" data-widget_type=\"spacer.default\">\n\t\t\t\t<div class=\"elementor-widget-container\">\n\t\t\t\t\t\t\t<div class=\"elementor-spacer\">\n\t\t\t<div class=\"elementor-spacer-inner\"><\/div>\n\t\t<\/div>\n\t\t\t\t\t\t<\/div>\n\t\t\t\t<\/div>\n\t\t\t\t\t<\/div>\n\t\t<\/div>\n\t\t\t\t\t<\/div>\n\t\t<\/section>\n\t\t\t\t<\/div>\n\t\t","protected":false},"excerpt":{"rendered":"<p>Modelo Terap\u00e9utico Modelo Terap\u00e9utico El modelo consiste en ofrecer ayuda a las personas que perciben dificultades en sus relaciones familiares,&#8230;<\/p>\n","protected":false},"author":3,"featured_media":0,"parent":0,"menu_order":0,"comment_status":"closed","ping_status":"closed","template":"","meta":{"footnotes":""},"class_list":["post-1522","page","type-page","status-publish","hentry"],"yoast_head":"<!-- This site is optimized with the Yoast SEO plugin v27.1.1 - https:\/\/yoast.com\/product\/yoast-seo-wordpress\/ -->\n<title>Modelo Terap\u00e9utico - Pedres<\/title>\n<meta name=\"robots\" content=\"index, follow, max-snippet:-1, max-image-preview:large, max-video-preview:-1\" \/>\n<link rel=\"canonical\" href=\"https:\/\/pedresterapias.com\/es\/modelo-terapeutico\/\" \/>\n<meta property=\"og:locale\" content=\"es_ES\" \/>\n<meta property=\"og:type\" content=\"article\" \/>\n<meta property=\"og:title\" content=\"Modelo Terap\u00e9utico - Pedres\" \/>\n<meta property=\"og:description\" content=\"Modelo Terap\u00e9utico Modelo Terap\u00e9utico El modelo consiste en ofrecer ayuda a las personas que perciben dificultades en sus relaciones familiares,...\" \/>\n<meta property=\"og:url\" content=\"https:\/\/pedresterapias.com\/es\/modelo-terapeutico\/\" \/>\n<meta property=\"og:site_name\" content=\"Pedres\" \/>\n<meta property=\"article:modified_time\" content=\"2024-01-19T09:52:10+00:00\" \/>\n<meta name=\"twitter:card\" content=\"summary_large_image\" \/>\n<meta name=\"twitter:site\" content=\"@pedresterapias\" \/>\n<meta name=\"twitter:label1\" content=\"Tiempo de lectura\" \/>\n\t<meta name=\"twitter:data1\" content=\"1 minuto\" \/>\n<script type=\"application\/ld+json\" class=\"yoast-schema-graph\">{\"@context\":\"https:\/\/schema.org\",\"@graph\":[{\"@type\":\"WebPage\",\"@id\":\"https:\/\/pedresterapias.com\/es\/modelo-terapeutico\/\",\"url\":\"https:\/\/pedresterapias.com\/es\/modelo-terapeutico\/\",\"name\":\"Modelo Terap\u00e9utico - Pedres\",\"isPartOf\":{\"@id\":\"https:\/\/pedresterapias.com\/es\/#website\"},\"datePublished\":\"2020-09-26T11:04:20+00:00\",\"dateModified\":\"2024-01-19T09:52:10+00:00\",\"breadcrumb\":{\"@id\":\"https:\/\/pedresterapias.com\/es\/modelo-terapeutico\/#breadcrumb\"},\"inLanguage\":\"es\",\"potentialAction\":[{\"@type\":\"ReadAction\",\"target\":[\"https:\/\/pedresterapias.com\/es\/modelo-terapeutico\/\"]}]},{\"@type\":\"BreadcrumbList\",\"@id\":\"https:\/\/pedresterapias.com\/es\/modelo-terapeutico\/#breadcrumb\",\"itemListElement\":[{\"@type\":\"ListItem\",\"position\":1,\"name\":\"Portada\",\"item\":\"https:\/\/pedresterapias.com\/es\/\"},{\"@type\":\"ListItem\",\"position\":2,\"name\":\"Modelo Terap\u00e9utico\"}]},{\"@type\":\"WebSite\",\"@id\":\"https:\/\/pedresterapias.com\/es\/#website\",\"url\":\"https:\/\/pedresterapias.com\/es\/\",\"name\":\"Pedres\",\"description\":\"\",\"publisher\":{\"@id\":\"https:\/\/pedresterapias.com\/es\/#organization\"},\"potentialAction\":[{\"@type\":\"SearchAction\",\"target\":{\"@type\":\"EntryPoint\",\"urlTemplate\":\"https:\/\/pedresterapias.com\/es\/?s={search_term_string}\"},\"query-input\":{\"@type\":\"PropertyValueSpecification\",\"valueRequired\":true,\"valueName\":\"search_term_string\"}}],\"inLanguage\":\"es\"},{\"@type\":\"Organization\",\"@id\":\"https:\/\/pedresterapias.com\/es\/#organization\",\"name\":\"Pedres\",\"url\":\"https:\/\/pedresterapias.com\/es\/\",\"logo\":{\"@type\":\"ImageObject\",\"inLanguage\":\"es\",\"@id\":\"https:\/\/pedresterapias.com\/es\/#\/schema\/logo\/image\/\",\"url\":\"https:\/\/mloq66zuv9ko.i.optimole.com\/w:auto\/h:auto\/q:mauto\/f:best\/http:\/\/pedresterapias.com\/wp-content\/uploads\/2020\/09\/logo-pedres-footer.png\",\"contentUrl\":\"https:\/\/mloq66zuv9ko.i.optimole.com\/w:auto\/h:auto\/q:mauto\/f:best\/http:\/\/pedresterapias.com\/wp-content\/uploads\/2020\/09\/logo-pedres-footer.png\",\"width\":320,\"height\":101,\"caption\":\"Pedres\"},\"image\":{\"@id\":\"https:\/\/pedresterapias.com\/es\/#\/schema\/logo\/image\/\"},\"sameAs\":[\"https:\/\/x.com\/pedresterapias\",\"https:\/\/www.instagram.com\/pedresterapias\/\"]}]}<\/script>\n<!-- \/ Yoast SEO plugin. -->","yoast_head_json":{"title":"Modelo Terap\u00e9utico - Pedres","robots":{"index":"index","follow":"follow","max-snippet":"max-snippet:-1","max-image-preview":"max-image-preview:large","max-video-preview":"max-video-preview:-1"},"canonical":"https:\/\/pedresterapias.com\/es\/modelo-terapeutico\/","og_locale":"es_ES","og_type":"article","og_title":"Modelo Terap\u00e9utico - Pedres","og_description":"Modelo Terap\u00e9utico Modelo Terap\u00e9utico El modelo consiste en ofrecer ayuda a las personas que perciben dificultades en sus relaciones familiares,...","og_url":"https:\/\/pedresterapias.com\/es\/modelo-terapeutico\/","og_site_name":"Pedres","article_modified_time":"2024-01-19T09:52:10+00:00","twitter_card":"summary_large_image","twitter_site":"@pedresterapias","twitter_misc":{"Tiempo de lectura":"1 minuto"},"schema":{"@context":"https:\/\/schema.org","@graph":[{"@type":"WebPage","@id":"https:\/\/pedresterapias.com\/es\/modelo-terapeutico\/","url":"https:\/\/pedresterapias.com\/es\/modelo-terapeutico\/","name":"Modelo Terap\u00e9utico - Pedres","isPartOf":{"@id":"https:\/\/pedresterapias.com\/es\/#website"},"datePublished":"2020-09-26T11:04:20+00:00","dateModified":"2024-01-19T09:52:10+00:00","breadcrumb":{"@id":"https:\/\/pedresterapias.com\/es\/modelo-terapeutico\/#breadcrumb"},"inLanguage":"es","potentialAction":[{"@type":"ReadAction","target":["https:\/\/pedresterapias.com\/es\/modelo-terapeutico\/"]}]},{"@type":"BreadcrumbList","@id":"https:\/\/pedresterapias.com\/es\/modelo-terapeutico\/#breadcrumb","itemListElement":[{"@type":"ListItem","position":1,"name":"Portada","item":"https:\/\/pedresterapias.com\/es\/"},{"@type":"ListItem","position":2,"name":"Modelo Terap\u00e9utico"}]},{"@type":"WebSite","@id":"https:\/\/pedresterapias.com\/es\/#website","url":"https:\/\/pedresterapias.com\/es\/","name":"Pedres","description":"","publisher":{"@id":"https:\/\/pedresterapias.com\/es\/#organization"},"potentialAction":[{"@type":"SearchAction","target":{"@type":"EntryPoint","urlTemplate":"https:\/\/pedresterapias.com\/es\/?s={search_term_string}"},"query-input":{"@type":"PropertyValueSpecification","valueRequired":true,"valueName":"search_term_string"}}],"inLanguage":"es"},{"@type":"Organization","@id":"https:\/\/pedresterapias.com\/es\/#organization","name":"Pedres","url":"https:\/\/pedresterapias.com\/es\/","logo":{"@type":"ImageObject","inLanguage":"es","@id":"https:\/\/pedresterapias.com\/es\/#\/schema\/logo\/image\/","url":"https:\/\/mloq66zuv9ko.i.optimole.com\/w:auto\/h:auto\/q:mauto\/f:best\/http:\/\/pedresterapias.com\/wp-content\/uploads\/2020\/09\/logo-pedres-footer.png","contentUrl":"https:\/\/mloq66zuv9ko.i.optimole.com\/w:auto\/h:auto\/q:mauto\/f:best\/http:\/\/pedresterapias.com\/wp-content\/uploads\/2020\/09\/logo-pedres-footer.png","width":320,"height":101,"caption":"Pedres"},"image":{"@id":"https:\/\/pedresterapias.com\/es\/#\/schema\/logo\/image\/"},"sameAs":["https:\/\/x.com\/pedresterapias","https:\/\/www.instagram.com\/pedresterapias\/"]}]}},"_links":{"self":[{"href":"https:\/\/pedresterapias.com\/es\/wp-json\/wp\/v2\/pages\/1522","targetHints":{"allow":["GET"]}}],"collection":[{"href":"https:\/\/pedresterapias.com\/es\/wp-json\/wp\/v2\/pages"}],"about":[{"href":"https:\/\/pedresterapias.com\/es\/wp-json\/wp\/v2\/types\/page"}],"author":[{"embeddable":true,"href":"https:\/\/pedresterapias.com\/es\/wp-json\/wp\/v2\/users\/3"}],"replies":[{"embeddable":true,"href":"https:\/\/pedresterapias.com\/es\/wp-json\/wp\/v2\/comments?post=1522"}],"version-history":[{"count":6,"href":"https:\/\/pedresterapias.com\/es\/wp-json\/wp\/v2\/pages\/1522\/revisions"}],"predecessor-version":[{"id":2413,"href":"https:\/\/pedresterapias.com\/es\/wp-json\/wp\/v2\/pages\/1522\/revisions\/2413"}],"wp:attachment":[{"href":"https:\/\/pedresterapias.com\/es\/wp-json\/wp\/v2\/media?parent=1522"}],"curies":[{"name":"wp","href":"https:\/\/api.w.org\/{rel}","templated":true}]}}