{"id":1987,"date":"2020-10-04T09:05:28","date_gmt":"2020-10-04T09:05:28","guid":{"rendered":"https:\/\/blueviolet-fox-172966.hostingersite.com\/politica-de-cookies\/"},"modified":"2020-10-04T09:05:28","modified_gmt":"2020-10-04T09:05:28","slug":"politica-de-cookies","status":"publish","type":"page","link":"https:\/\/pedresterapias.com\/ca\/politica-de-cookies\/","title":{"rendered":"Pol\u00edtica de Cookies"},"content":{"rendered":"<h2> Qu\u00e8 \u00e9s una galeta? <\/h2>\n<p>Les cookies s\u00f3n petits fitxers de text creats pel lloc web visitat que contenen dades. S\u2019emmagatzemen a l\u2019ordinador del visitant per donar a l\u2019usuari acc\u00e9s a diverses funcions. Tant les cookies de sessi\u00f3 com les de sessi\u00f3 no s\u2019utilitzen en aquest lloc web (el \u201clloc\u201d). Una cookie de sessi\u00f3 s\u2019emmagatzema temporalment a la mem\u00f2ria de l\u2019ordinador mentre el visitant navega pel lloc web. Aquesta galeta s\u2019esborra quan l\u2019usuari tanca el navegador web o passa un temps determinat (\u00e9s a dir, caduca la sessi\u00f3). Una cookie que no sigui de sessi\u00f3 es mant\u00e9 a l\u2019ordinador del visitant fins que s\u2019elimina.<\/p>\n<h2> Per qu\u00e8 fem servir galetes? <\/h2>\n<p>Utilitzem cookies per obtenir m\u00e9s informaci\u00f3 sobre la manera com els visitants interactuen amb el nostre contingut i ens ajuden a millorar l\u2019experi\u00e8ncia en visitar el nostre lloc.<\/p>\n<h2> Funcionalitat del lloc <\/h2>\n<p>Els visitants utilitzen la funci\u00f3 de compartir per recomanar el nostre lloc i contingut a xarxes socials com Facebook i Twitter. Les cookies emmagatzemen informaci\u00f3 sobre com els visitants utilitzen la funci\u00f3 de compartir, encara que no a nivell individual, de manera que es pot millorar el lloc. Si no accepteu les cookies, no s\u2019emmagatzema cap informaci\u00f3.<br \/>\nPer a algunes de les funcions del nostre lloc, fem servir prove\u00efdors externs, per exemple, quan visiteu una p\u00e0gina amb v\u00eddeos incrustats o enlla\u00e7os a YouTube. Aquests v\u00eddeos o enlla\u00e7os (i qualsevol altre contingut de prove\u00efdors externs) poden contenir cookies de tercers i \u00e9s possible que vulgueu consultar les pol\u00edtiques d\u2019aquests llocs web de tercers per obtenir informaci\u00f3 sobre el seu \u00fas de cookies.<\/p>\n<h2> Cookies que fem servir: <\/h2>\n<p>Aquest lloc utilitza Google Analytics que utilitza cookies. A nivell agregat, les cookies emmagatzemen informaci\u00f3 sobre com els visitants utilitzen el lloc, incl\u00f2s el nombre de p\u00e0gines mostrades, d\u2019on prov\u00e9 el visitant i el nombre de visites, per millorar el lloc web i garantir una bona experi\u00e8ncia d\u2019usuari. Si no accepteu les cookies, no s\u2019emmagatzema cap informaci\u00f3.<\/p>\n<h2> Com rebutjar les cookies? <\/h2>\n<p>No utilitzarem cookies per recopilar informaci\u00f3 d\u2019identificaci\u00f3 personal sobre un visitant.<br \/>\nTanmateix, podeu optar per rebutjar o bloquejar les cookies establertes per pedresterapias.com canviant la configuraci\u00f3 del navegador. Consulteu la &#8220;Funci\u00f3 d&#8217;ajuda&#8221; del navegador per obtenir m\u00e9s informaci\u00f3. Tingueu en compte que la majoria dels navegadors accepten autom\u00e0ticament les galetes, de manera que, si no voleu que s\u2019utilitzin, potser haureu de suprimir o bloquejar activament les galetes.<br \/>\nPer obtenir informaci\u00f3 sobre l\u2019\u00fas de cookies als navegadors de tel\u00e8fons m\u00f2bils i per obtenir informaci\u00f3 sobre com rebutjar o eliminar aquestes cookies, consulteu el manual del vostre tel\u00e8fon m\u00f2bil.<\/p>\n","protected":false},"excerpt":{"rendered":"<p>Qu\u00e8 \u00e9s una galeta? Les cookies s\u00f3n petits fitxers de text creats pel lloc web visitat que contenen dades. S\u2019emmagatzemen&#8230;<\/p>\n","protected":false},"author":1,"featured_media":1499,"parent":0,"menu_order":0,"comment_status":"closed","ping_status":"closed","template":"","meta":{"footnotes":""},"class_list":["post-1987","page","type-page","status-publish","has-post-thumbnail","hentry"],"yoast_head":"<!-- This site is optimized with the Yoast SEO plugin v27.1.1 - https:\/\/yoast.com\/product\/yoast-seo-wordpress\/ -->\n<title>Pol\u00edtica de Cookies - Pedres<\/title>\n<meta name=\"robots\" content=\"index, follow, max-snippet:-1, max-image-preview:large, max-video-preview:-1\" \/>\n<link rel=\"canonical\" href=\"https:\/\/pedresterapias.com\/ca\/politica-de-cookies\/\" \/>\n<meta property=\"og:locale\" content=\"ca_ES\" \/>\n<meta property=\"og:type\" content=\"article\" \/>\n<meta property=\"og:title\" content=\"Pol\u00edtica de Cookies - Pedres\" \/>\n<meta property=\"og:description\" content=\"Qu\u00e8 \u00e9s una galeta? Les cookies s\u00f3n petits fitxers de text creats pel lloc web visitat que contenen dades. S\u2019emmagatzemen...\" \/>\n<meta property=\"og:url\" content=\"https:\/\/pedresterapias.com\/ca\/politica-de-cookies\/\" \/>\n<meta property=\"og:site_name\" content=\"Pedres\" \/>\n<meta property=\"og:image\" content=\"https:\/\/mloq66zuv9ko.i.optimole.com\/w:1619\/h:1080\/q:mauto\/f:best\/https:\/\/pedresterapias.com\/wp-content\/uploads\/2020\/09\/pedres-zen.jpg\" \/>\n\t<meta property=\"og:image:width\" content=\"1900\" \/>\n\t<meta property=\"og:image:height\" content=\"1267\" \/>\n\t<meta property=\"og:image:type\" content=\"image\/jpeg\" \/>\n<meta name=\"twitter:card\" content=\"summary_large_image\" \/>\n<meta name=\"twitter:site\" content=\"@pedresterapias\" \/>\n<meta name=\"twitter:label1\" content=\"Temps estimat de lectura\" \/>\n\t<meta name=\"twitter:data1\" content=\"2 minuts\" \/>\n<script type=\"application\/ld+json\" class=\"yoast-schema-graph\">{\"@context\":\"https:\/\/schema.org\",\"@graph\":[{\"@type\":\"WebPage\",\"@id\":\"https:\/\/pedresterapias.com\/ca\/politica-de-cookies\/\",\"url\":\"https:\/\/pedresterapias.com\/ca\/politica-de-cookies\/\",\"name\":\"Pol\u00edtica de Cookies - Pedres\",\"isPartOf\":{\"@id\":\"https:\/\/pedresterapias.com\/es\/#website\"},\"primaryImageOfPage\":{\"@id\":\"https:\/\/pedresterapias.com\/ca\/politica-de-cookies\/#primaryimage\"},\"image\":{\"@id\":\"https:\/\/pedresterapias.com\/ca\/politica-de-cookies\/#primaryimage\"},\"thumbnailUrl\":\"https:\/\/mloq66zuv9ko.i.optimole.com\/w:auto\/h:auto\/q:mauto\/f:best\/https:\/\/pedresterapias.com\/wp-content\/uploads\/2020\/09\/pedres-zen.jpg\",\"datePublished\":\"2020-10-04T09:05:28+00:00\",\"breadcrumb\":{\"@id\":\"https:\/\/pedresterapias.com\/ca\/politica-de-cookies\/#breadcrumb\"},\"inLanguage\":\"ca\",\"potentialAction\":[{\"@type\":\"ReadAction\",\"target\":[\"https:\/\/pedresterapias.com\/ca\/politica-de-cookies\/\"]}]},{\"@type\":\"ImageObject\",\"inLanguage\":\"ca\",\"@id\":\"https:\/\/pedresterapias.com\/ca\/politica-de-cookies\/#primaryimage\",\"url\":\"https:\/\/mloq66zuv9ko.i.optimole.com\/w:auto\/h:auto\/q:mauto\/f:best\/https:\/\/pedresterapias.com\/wp-content\/uploads\/2020\/09\/pedres-zen.jpg\",\"contentUrl\":\"https:\/\/mloq66zuv9ko.i.optimole.com\/w:auto\/h:auto\/q:mauto\/f:best\/https:\/\/pedresterapias.com\/wp-content\/uploads\/2020\/09\/pedres-zen.jpg\",\"width\":1900,\"height\":1267},{\"@type\":\"BreadcrumbList\",\"@id\":\"https:\/\/pedresterapias.com\/ca\/politica-de-cookies\/#breadcrumb\",\"itemListElement\":[{\"@type\":\"ListItem\",\"position\":1,\"name\":\"Portada\",\"item\":\"https:\/\/pedresterapias.com\/es\/\"},{\"@type\":\"ListItem\",\"position\":2,\"name\":\"Pol\u00edtica de Cookies\"}]},{\"@type\":\"WebSite\",\"@id\":\"https:\/\/pedresterapias.com\/es\/#website\",\"url\":\"https:\/\/pedresterapias.com\/es\/\",\"name\":\"Pedres\",\"description\":\"\",\"publisher\":{\"@id\":\"https:\/\/pedresterapias.com\/es\/#organization\"},\"potentialAction\":[{\"@type\":\"SearchAction\",\"target\":{\"@type\":\"EntryPoint\",\"urlTemplate\":\"https:\/\/pedresterapias.com\/es\/?s={search_term_string}\"},\"query-input\":{\"@type\":\"PropertyValueSpecification\",\"valueRequired\":true,\"valueName\":\"search_term_string\"}}],\"inLanguage\":\"ca\"},{\"@type\":\"Organization\",\"@id\":\"https:\/\/pedresterapias.com\/es\/#organization\",\"name\":\"Pedres\",\"url\":\"https:\/\/pedresterapias.com\/es\/\",\"logo\":{\"@type\":\"ImageObject\",\"inLanguage\":\"ca\",\"@id\":\"https:\/\/pedresterapias.com\/es\/#\/schema\/logo\/image\/\",\"url\":\"https:\/\/mloq66zuv9ko.i.optimole.com\/w:auto\/h:auto\/q:mauto\/f:best\/http:\/\/pedresterapias.com\/wp-content\/uploads\/2020\/09\/logo-pedres-footer.png\",\"contentUrl\":\"https:\/\/mloq66zuv9ko.i.optimole.com\/w:auto\/h:auto\/q:mauto\/f:best\/http:\/\/pedresterapias.com\/wp-content\/uploads\/2020\/09\/logo-pedres-footer.png\",\"width\":320,\"height\":101,\"caption\":\"Pedres\"},\"image\":{\"@id\":\"https:\/\/pedresterapias.com\/es\/#\/schema\/logo\/image\/\"},\"sameAs\":[\"https:\/\/x.com\/pedresterapias\",\"https:\/\/www.instagram.com\/pedresterapias\/\"]}]}<\/script>\n<!-- \/ Yoast SEO plugin. -->","yoast_head_json":{"title":"Pol\u00edtica de Cookies - Pedres","robots":{"index":"index","follow":"follow","max-snippet":"max-snippet:-1","max-image-preview":"max-image-preview:large","max-video-preview":"max-video-preview:-1"},"canonical":"https:\/\/pedresterapias.com\/ca\/politica-de-cookies\/","og_locale":"ca_ES","og_type":"article","og_title":"Pol\u00edtica de Cookies - Pedres","og_description":"Qu\u00e8 \u00e9s una galeta? Les cookies s\u00f3n petits fitxers de text creats pel lloc web visitat que contenen dades. S\u2019emmagatzemen...","og_url":"https:\/\/pedresterapias.com\/ca\/politica-de-cookies\/","og_site_name":"Pedres","og_image":[{"width":1900,"height":1267,"url":"https:\/\/mloq66zuv9ko.i.optimole.com\/w:1619\/h:1080\/q:mauto\/f:best\/https:\/\/pedresterapias.com\/wp-content\/uploads\/2020\/09\/pedres-zen.jpg","type":"image\/jpeg"}],"twitter_card":"summary_large_image","twitter_site":"@pedresterapias","twitter_misc":{"Temps estimat de lectura":"2 minuts"},"schema":{"@context":"https:\/\/schema.org","@graph":[{"@type":"WebPage","@id":"https:\/\/pedresterapias.com\/ca\/politica-de-cookies\/","url":"https:\/\/pedresterapias.com\/ca\/politica-de-cookies\/","name":"Pol\u00edtica de Cookies - Pedres","isPartOf":{"@id":"https:\/\/pedresterapias.com\/es\/#website"},"primaryImageOfPage":{"@id":"https:\/\/pedresterapias.com\/ca\/politica-de-cookies\/#primaryimage"},"image":{"@id":"https:\/\/pedresterapias.com\/ca\/politica-de-cookies\/#primaryimage"},"thumbnailUrl":"https:\/\/mloq66zuv9ko.i.optimole.com\/w:auto\/h:auto\/q:mauto\/f:best\/https:\/\/pedresterapias.com\/wp-content\/uploads\/2020\/09\/pedres-zen.jpg","datePublished":"2020-10-04T09:05:28+00:00","breadcrumb":{"@id":"https:\/\/pedresterapias.com\/ca\/politica-de-cookies\/#breadcrumb"},"inLanguage":"ca","potentialAction":[{"@type":"ReadAction","target":["https:\/\/pedresterapias.com\/ca\/politica-de-cookies\/"]}]},{"@type":"ImageObject","inLanguage":"ca","@id":"https:\/\/pedresterapias.com\/ca\/politica-de-cookies\/#primaryimage","url":"https:\/\/mloq66zuv9ko.i.optimole.com\/w:auto\/h:auto\/q:mauto\/f:best\/https:\/\/pedresterapias.com\/wp-content\/uploads\/2020\/09\/pedres-zen.jpg","contentUrl":"https:\/\/mloq66zuv9ko.i.optimole.com\/w:auto\/h:auto\/q:mauto\/f:best\/https:\/\/pedresterapias.com\/wp-content\/uploads\/2020\/09\/pedres-zen.jpg","width":1900,"height":1267},{"@type":"BreadcrumbList","@id":"https:\/\/pedresterapias.com\/ca\/politica-de-cookies\/#breadcrumb","itemListElement":[{"@type":"ListItem","position":1,"name":"Portada","item":"https:\/\/pedresterapias.com\/es\/"},{"@type":"ListItem","position":2,"name":"Pol\u00edtica de Cookies"}]},{"@type":"WebSite","@id":"https:\/\/pedresterapias.com\/es\/#website","url":"https:\/\/pedresterapias.com\/es\/","name":"Pedres","description":"","publisher":{"@id":"https:\/\/pedresterapias.com\/es\/#organization"},"potentialAction":[{"@type":"SearchAction","target":{"@type":"EntryPoint","urlTemplate":"https:\/\/pedresterapias.com\/es\/?s={search_term_string}"},"query-input":{"@type":"PropertyValueSpecification","valueRequired":true,"valueName":"search_term_string"}}],"inLanguage":"ca"},{"@type":"Organization","@id":"https:\/\/pedresterapias.com\/es\/#organization","name":"Pedres","url":"https:\/\/pedresterapias.com\/es\/","logo":{"@type":"ImageObject","inLanguage":"ca","@id":"https:\/\/pedresterapias.com\/es\/#\/schema\/logo\/image\/","url":"https:\/\/mloq66zuv9ko.i.optimole.com\/w:auto\/h:auto\/q:mauto\/f:best\/http:\/\/pedresterapias.com\/wp-content\/uploads\/2020\/09\/logo-pedres-footer.png","contentUrl":"https:\/\/mloq66zuv9ko.i.optimole.com\/w:auto\/h:auto\/q:mauto\/f:best\/http:\/\/pedresterapias.com\/wp-content\/uploads\/2020\/09\/logo-pedres-footer.png","width":320,"height":101,"caption":"Pedres"},"image":{"@id":"https:\/\/pedresterapias.com\/es\/#\/schema\/logo\/image\/"},"sameAs":["https:\/\/x.com\/pedresterapias","https:\/\/www.instagram.com\/pedresterapias\/"]}]}},"_links":{"self":[{"href":"https:\/\/pedresterapias.com\/ca\/wp-json\/wp\/v2\/pages\/1987","targetHints":{"allow":["GET"]}}],"collection":[{"href":"https:\/\/pedresterapias.com\/ca\/wp-json\/wp\/v2\/pages"}],"about":[{"href":"https:\/\/pedresterapias.com\/ca\/wp-json\/wp\/v2\/types\/page"}],"author":[{"embeddable":true,"href":"https:\/\/pedresterapias.com\/ca\/wp-json\/wp\/v2\/users\/1"}],"replies":[{"embeddable":true,"href":"https:\/\/pedresterapias.com\/ca\/wp-json\/wp\/v2\/comments?post=1987"}],"version-history":[{"count":0,"href":"https:\/\/pedresterapias.com\/ca\/wp-json\/wp\/v2\/pages\/1987\/revisions"}],"wp:featuredmedia":[{"embeddable":true,"href":"https:\/\/pedresterapias.com\/ca\/wp-json\/wp\/v2\/media\/1499"}],"wp:attachment":[{"href":"https:\/\/pedresterapias.com\/ca\/wp-json\/wp\/v2\/media?parent=1987"}],"curies":[{"name":"wp","href":"https:\/\/api.w.org\/{rel}","templated":true}]}}