{"id":1978,"date":"2020-10-04T09:05:28","date_gmt":"2020-10-04T09:05:28","guid":{"rendered":"https:\/\/blueviolet-fox-172966.hostingersite.com\/politica-de-privacitat\/"},"modified":"2020-10-04T09:05:28","modified_gmt":"2020-10-04T09:05:28","slug":"politica-de-privacitat","status":"publish","type":"page","link":"https:\/\/pedresterapias.com\/ca\/politica-de-privacitat\/","title":{"rendered":"Pol\u00edtica de privacitat"},"content":{"rendered":"<h2>Qui som<\/h2>\n<p>L\u2019adre\u00e7a del nostre lloc web \u00e9s: pedresterapias.com.<\/p>\n<p>Quines dades personals recopilem i per qu\u00e8 les recopilem<\/p>\n<h3>Comentaris<\/h3>\n<p>Quan els visitants deixen comentaris al lloc, recopilem les dades que es mostren al formulari de comentaris i tamb\u00e9 l\u2019adre\u00e7a IP del visitant i la cadena d\u2019agent d\u2019usuari del navegador per ajudar a la detecci\u00f3 de correu brossa.<\/p>\n<p>Es pot proporcionar una cadena anonimitzada creada a partir de la vostra adre\u00e7a de correu electr\u00f2nic (tamb\u00e9 anomenada hash) al servei Gravatar per veure si la feu servir. La pol\u00edtica de privadesa del servei Gravatar est\u00e0 disponible aqu\u00ed: https:\/\/automattic.com\/privacy\/. Despr\u00e9s d&#8217;aprovar el vostre comentari, la vostra foto de perfil ser\u00e0 visible per al p\u00fablic en el context del vostre comentari.<\/p>\n<h3>Mitjans de comunicaci\u00f3<\/h3>\n<p>Si pengeu imatges al lloc web, heu d&#8217;evitar penjar imatges amb dades d&#8217;ubicaci\u00f3 incrustades (GPS EXIF) incloses. Els visitants del lloc web poden descarregar i extreure qualsevol informaci\u00f3 d\u2019ubicaci\u00f3 de les imatges del lloc web.<\/p>\n<h3>Formularis de contacte<\/h3>\n<h3>Cookies<\/h3>\n<p>Si deixeu un comentari al nostre lloc, podeu optar per desar el vostre nom, adre\u00e7a de correu electr\u00f2nic i lloc web a les cookies. Aquests s\u00f3n per a la vostra comoditat, de manera que no haureu de tornar a emplenar les vostres dades quan deixeu un altre comentari. Aquestes cookies duraran un any.<\/p>\n<p>Si teniu un compte i inicieu la sessi\u00f3 en aquest lloc, establirem una cookie temporal per determinar si el vostre navegador accepta cookies. Aquesta cookie no cont\u00e9 dades personals i es descarta quan tanqueu el navegador.<\/p>\n<p>Quan inicieu la sessi\u00f3, tamb\u00e9 configurarem diverses cookies per desar la vostra informaci\u00f3 d\u2019inici de sessi\u00f3 i les vostres opcions de visualitzaci\u00f3 de pantalla. Les cookies d\u2019inici de sessi\u00f3 tenen una durada de dos dies i les opcions de pantalla tenen una durada d\u2019un any. Si seleccioneu &#8220;Recorda&#8217;m&#8221;, el vostre inici de sessi\u00f3 continuar\u00e0 durant dues setmanes. Si tanqueu la sessi\u00f3 del compte, s\u2019eliminaran les cookies d\u2019inici de sessi\u00f3.<\/p>\n<p>Si editeu o publiqueu un article, es desar\u00e0 una galeta addicional al vostre navegador. Aquesta galeta no inclou dades personals i simplement indica l\u2019identificador de publicaci\u00f3 de l\u2019article que acabeu d\u2019editar. Caduca al cap d\u2019un dia.<\/p>\n<h3>Contingut incrustat d&#8217;altres llocs web<\/h3>\n<p>Els articles d\u2019aquest lloc poden incloure contingut incrustat (per exemple, v\u00eddeos, imatges, articles, etc.). El contingut incrustat d&#8217;altres llocs web es comporta de la mateixa manera que si el visitant hagi visitat l&#8217;altre lloc web.<\/p>\n<p>Aquests llocs web poden recopilar dades sobre vosaltres, utilitzar galetes, incrustar un seguiment addicional de tercers i supervisar la vostra interacci\u00f3 amb aquest contingut incrustat, incl\u00f2s el seguiment de la vostra interacci\u00f3 amb el contingut incrustat si teniu un compte i esteu connectat a aquest lloc web.<\/p>\n<h3>Anal\u00edtica<\/h3>\n<h2>Amb qui compartim les vostres dades<\/h2>\n<h2>Quant de temps conservem les vostres dades<\/h2>\n<p>Si deixeu un comentari, el comentari i les seves metadades es conservaran indefinidament. Aix\u00f2 \u00e9s aix\u00ed perqu\u00e8 puguem recon\u00e8ixer i aprovar qualsevol comentari de seguiment autom\u00e0ticament en lloc de mantenir-los en una cua de moderaci\u00f3.<\/p>\n<p>Per als usuaris que es registren al nostre lloc web (si n\u2019hi ha cap), tamb\u00e9 emmagatzemem la informaci\u00f3 personal que proporcionen al seu perfil d\u2019usuari. Tots els usuaris poden veure, editar o suprimir la seva informaci\u00f3 personal en qualsevol moment (excepte que no poden canviar el seu nom d&#8217;usuari). Els administradors de llocs web tamb\u00e9 poden veure i editar aquesta informaci\u00f3.<\/p>\n<h2>Quins drets teniu sobre les vostres dades<\/h2>\n<p>Si teniu un compte en aquest lloc o heu deixat comentaris, podeu sol\u00b7licitar rebre un fitxer exportat de les dades personals que tenim sobre vosaltres, incloses les dades que ens h\u00e0giu proporcionat. Tamb\u00e9 podeu sol\u00b7licitar que esborrem les dades personals que posse\u00efm sobre vosaltres. Aix\u00f2 no inclou cap dada que estiguem obligats a conservar per motius administratius, legals o de seguretat.<\/p>\n<h2>On enviam les seves dades<\/h2>\n<p>Els comentaris dels visitants es poden revisar mitjan\u00e7ant un servei de detecci\u00f3 autom\u00e0tica de correu brossa.<\/p>\n<h2>La vostra informaci\u00f3 de contacte<\/h2>\n<h2>Informaci\u00f3 adicional<\/h2>\n<h3>Com protegim les seves dades<\/h3>\n<h3>Quins procediments d\u2019incompliment de dades tenim en marxa<\/h3>\n<h3>De quins tercers rebem dades<\/h3>\n<h3>Quina presa de decisions i \/ o perfils automatitzats fem amb les dades dels usuaris<\/h3>\n<h3>Requisits de divulgaci\u00f3 reglament\u00e0ria de la ind\u00fastria<\/h3>\n","protected":false},"excerpt":{"rendered":"<p>Qui som L\u2019adre\u00e7a del nostre lloc web \u00e9s: pedresterapias.com. Quines dades personals recopilem i per qu\u00e8 les recopilem Comentaris Quan&#8230;<\/p>\n","protected":false},"author":0,"featured_media":1499,"parent":0,"menu_order":0,"comment_status":"closed","ping_status":"closed","template":"","meta":{"footnotes":""},"class_list":["post-1978","page","type-page","status-publish","has-post-thumbnail","hentry"],"yoast_head":"<!-- This site is optimized with the Yoast SEO plugin v27.1.1 - https:\/\/yoast.com\/product\/yoast-seo-wordpress\/ -->\n<title>Pol\u00edtica de privacitat - Pedres<\/title>\n<meta name=\"robots\" content=\"index, follow, max-snippet:-1, max-image-preview:large, max-video-preview:-1\" \/>\n<link rel=\"canonical\" href=\"https:\/\/pedresterapias.com\/ca\/politica-de-privacitat\/\" \/>\n<meta property=\"og:locale\" content=\"ca_ES\" \/>\n<meta property=\"og:type\" content=\"article\" \/>\n<meta property=\"og:title\" content=\"Pol\u00edtica de privacitat - Pedres\" \/>\n<meta property=\"og:description\" content=\"Qui som L\u2019adre\u00e7a del nostre lloc web \u00e9s: pedresterapias.com. Quines dades personals recopilem i per qu\u00e8 les recopilem Comentaris Quan...\" \/>\n<meta property=\"og:url\" content=\"https:\/\/pedresterapias.com\/ca\/politica-de-privacitat\/\" \/>\n<meta property=\"og:site_name\" content=\"Pedres\" \/>\n<meta property=\"og:image\" content=\"https:\/\/mloq66zuv9ko.i.optimole.com\/w:1619\/h:1080\/q:mauto\/f:best\/https:\/\/pedresterapias.com\/wp-content\/uploads\/2020\/09\/pedres-zen.jpg\" \/>\n\t<meta property=\"og:image:width\" content=\"1900\" \/>\n\t<meta property=\"og:image:height\" content=\"1267\" \/>\n\t<meta property=\"og:image:type\" content=\"image\/jpeg\" \/>\n<meta name=\"twitter:card\" content=\"summary_large_image\" \/>\n<meta name=\"twitter:site\" content=\"@pedresterapias\" \/>\n<meta name=\"twitter:label1\" content=\"Temps estimat de lectura\" \/>\n\t<meta name=\"twitter:data1\" content=\"4 minuts\" \/>\n<script type=\"application\/ld+json\" class=\"yoast-schema-graph\">{\"@context\":\"https:\/\/schema.org\",\"@graph\":[{\"@type\":\"WebPage\",\"@id\":\"https:\/\/pedresterapias.com\/ca\/politica-de-privacitat\/\",\"url\":\"https:\/\/pedresterapias.com\/ca\/politica-de-privacitat\/\",\"name\":\"Pol\u00edtica de privacitat - Pedres\",\"isPartOf\":{\"@id\":\"https:\/\/pedresterapias.com\/es\/#website\"},\"primaryImageOfPage\":{\"@id\":\"https:\/\/pedresterapias.com\/ca\/politica-de-privacitat\/#primaryimage\"},\"image\":{\"@id\":\"https:\/\/pedresterapias.com\/ca\/politica-de-privacitat\/#primaryimage\"},\"thumbnailUrl\":\"https:\/\/mloq66zuv9ko.i.optimole.com\/w:auto\/h:auto\/q:mauto\/f:best\/https:\/\/pedresterapias.com\/wp-content\/uploads\/2020\/09\/pedres-zen.jpg\",\"datePublished\":\"2020-10-04T09:05:28+00:00\",\"breadcrumb\":{\"@id\":\"https:\/\/pedresterapias.com\/ca\/politica-de-privacitat\/#breadcrumb\"},\"inLanguage\":\"ca\",\"potentialAction\":[{\"@type\":\"ReadAction\",\"target\":[\"https:\/\/pedresterapias.com\/ca\/politica-de-privacitat\/\"]}]},{\"@type\":\"ImageObject\",\"inLanguage\":\"ca\",\"@id\":\"https:\/\/pedresterapias.com\/ca\/politica-de-privacitat\/#primaryimage\",\"url\":\"https:\/\/mloq66zuv9ko.i.optimole.com\/w:auto\/h:auto\/q:mauto\/f:best\/https:\/\/pedresterapias.com\/wp-content\/uploads\/2020\/09\/pedres-zen.jpg\",\"contentUrl\":\"https:\/\/mloq66zuv9ko.i.optimole.com\/w:auto\/h:auto\/q:mauto\/f:best\/https:\/\/pedresterapias.com\/wp-content\/uploads\/2020\/09\/pedres-zen.jpg\",\"width\":1900,\"height\":1267},{\"@type\":\"BreadcrumbList\",\"@id\":\"https:\/\/pedresterapias.com\/ca\/politica-de-privacitat\/#breadcrumb\",\"itemListElement\":[{\"@type\":\"ListItem\",\"position\":1,\"name\":\"Portada\",\"item\":\"https:\/\/pedresterapias.com\/es\/\"},{\"@type\":\"ListItem\",\"position\":2,\"name\":\"Pol\u00edtica de privacitat\"}]},{\"@type\":\"WebSite\",\"@id\":\"https:\/\/pedresterapias.com\/es\/#website\",\"url\":\"https:\/\/pedresterapias.com\/es\/\",\"name\":\"Pedres\",\"description\":\"\",\"publisher\":{\"@id\":\"https:\/\/pedresterapias.com\/es\/#organization\"},\"potentialAction\":[{\"@type\":\"SearchAction\",\"target\":{\"@type\":\"EntryPoint\",\"urlTemplate\":\"https:\/\/pedresterapias.com\/es\/?s={search_term_string}\"},\"query-input\":{\"@type\":\"PropertyValueSpecification\",\"valueRequired\":true,\"valueName\":\"search_term_string\"}}],\"inLanguage\":\"ca\"},{\"@type\":\"Organization\",\"@id\":\"https:\/\/pedresterapias.com\/es\/#organization\",\"name\":\"Pedres\",\"url\":\"https:\/\/pedresterapias.com\/es\/\",\"logo\":{\"@type\":\"ImageObject\",\"inLanguage\":\"ca\",\"@id\":\"https:\/\/pedresterapias.com\/es\/#\/schema\/logo\/image\/\",\"url\":\"https:\/\/mloq66zuv9ko.i.optimole.com\/w:auto\/h:auto\/q:mauto\/f:best\/http:\/\/pedresterapias.com\/wp-content\/uploads\/2020\/09\/logo-pedres-footer.png\",\"contentUrl\":\"https:\/\/mloq66zuv9ko.i.optimole.com\/w:auto\/h:auto\/q:mauto\/f:best\/http:\/\/pedresterapias.com\/wp-content\/uploads\/2020\/09\/logo-pedres-footer.png\",\"width\":320,\"height\":101,\"caption\":\"Pedres\"},\"image\":{\"@id\":\"https:\/\/pedresterapias.com\/es\/#\/schema\/logo\/image\/\"},\"sameAs\":[\"https:\/\/x.com\/pedresterapias\",\"https:\/\/www.instagram.com\/pedresterapias\/\"]}]}<\/script>\n<!-- \/ Yoast SEO plugin. -->","yoast_head_json":{"title":"Pol\u00edtica de privacitat - Pedres","robots":{"index":"index","follow":"follow","max-snippet":"max-snippet:-1","max-image-preview":"max-image-preview:large","max-video-preview":"max-video-preview:-1"},"canonical":"https:\/\/pedresterapias.com\/ca\/politica-de-privacitat\/","og_locale":"ca_ES","og_type":"article","og_title":"Pol\u00edtica de privacitat - Pedres","og_description":"Qui som L\u2019adre\u00e7a del nostre lloc web \u00e9s: pedresterapias.com. Quines dades personals recopilem i per qu\u00e8 les recopilem Comentaris Quan...","og_url":"https:\/\/pedresterapias.com\/ca\/politica-de-privacitat\/","og_site_name":"Pedres","og_image":[{"width":1900,"height":1267,"url":"https:\/\/mloq66zuv9ko.i.optimole.com\/w:1619\/h:1080\/q:mauto\/f:best\/https:\/\/pedresterapias.com\/wp-content\/uploads\/2020\/09\/pedres-zen.jpg","type":"image\/jpeg"}],"twitter_card":"summary_large_image","twitter_site":"@pedresterapias","twitter_misc":{"Temps estimat de lectura":"4 minuts"},"schema":{"@context":"https:\/\/schema.org","@graph":[{"@type":"WebPage","@id":"https:\/\/pedresterapias.com\/ca\/politica-de-privacitat\/","url":"https:\/\/pedresterapias.com\/ca\/politica-de-privacitat\/","name":"Pol\u00edtica de privacitat - Pedres","isPartOf":{"@id":"https:\/\/pedresterapias.com\/es\/#website"},"primaryImageOfPage":{"@id":"https:\/\/pedresterapias.com\/ca\/politica-de-privacitat\/#primaryimage"},"image":{"@id":"https:\/\/pedresterapias.com\/ca\/politica-de-privacitat\/#primaryimage"},"thumbnailUrl":"https:\/\/mloq66zuv9ko.i.optimole.com\/w:auto\/h:auto\/q:mauto\/f:best\/https:\/\/pedresterapias.com\/wp-content\/uploads\/2020\/09\/pedres-zen.jpg","datePublished":"2020-10-04T09:05:28+00:00","breadcrumb":{"@id":"https:\/\/pedresterapias.com\/ca\/politica-de-privacitat\/#breadcrumb"},"inLanguage":"ca","potentialAction":[{"@type":"ReadAction","target":["https:\/\/pedresterapias.com\/ca\/politica-de-privacitat\/"]}]},{"@type":"ImageObject","inLanguage":"ca","@id":"https:\/\/pedresterapias.com\/ca\/politica-de-privacitat\/#primaryimage","url":"https:\/\/mloq66zuv9ko.i.optimole.com\/w:auto\/h:auto\/q:mauto\/f:best\/https:\/\/pedresterapias.com\/wp-content\/uploads\/2020\/09\/pedres-zen.jpg","contentUrl":"https:\/\/mloq66zuv9ko.i.optimole.com\/w:auto\/h:auto\/q:mauto\/f:best\/https:\/\/pedresterapias.com\/wp-content\/uploads\/2020\/09\/pedres-zen.jpg","width":1900,"height":1267},{"@type":"BreadcrumbList","@id":"https:\/\/pedresterapias.com\/ca\/politica-de-privacitat\/#breadcrumb","itemListElement":[{"@type":"ListItem","position":1,"name":"Portada","item":"https:\/\/pedresterapias.com\/es\/"},{"@type":"ListItem","position":2,"name":"Pol\u00edtica de privacitat"}]},{"@type":"WebSite","@id":"https:\/\/pedresterapias.com\/es\/#website","url":"https:\/\/pedresterapias.com\/es\/","name":"Pedres","description":"","publisher":{"@id":"https:\/\/pedresterapias.com\/es\/#organization"},"potentialAction":[{"@type":"SearchAction","target":{"@type":"EntryPoint","urlTemplate":"https:\/\/pedresterapias.com\/es\/?s={search_term_string}"},"query-input":{"@type":"PropertyValueSpecification","valueRequired":true,"valueName":"search_term_string"}}],"inLanguage":"ca"},{"@type":"Organization","@id":"https:\/\/pedresterapias.com\/es\/#organization","name":"Pedres","url":"https:\/\/pedresterapias.com\/es\/","logo":{"@type":"ImageObject","inLanguage":"ca","@id":"https:\/\/pedresterapias.com\/es\/#\/schema\/logo\/image\/","url":"https:\/\/mloq66zuv9ko.i.optimole.com\/w:auto\/h:auto\/q:mauto\/f:best\/http:\/\/pedresterapias.com\/wp-content\/uploads\/2020\/09\/logo-pedres-footer.png","contentUrl":"https:\/\/mloq66zuv9ko.i.optimole.com\/w:auto\/h:auto\/q:mauto\/f:best\/http:\/\/pedresterapias.com\/wp-content\/uploads\/2020\/09\/logo-pedres-footer.png","width":320,"height":101,"caption":"Pedres"},"image":{"@id":"https:\/\/pedresterapias.com\/es\/#\/schema\/logo\/image\/"},"sameAs":["https:\/\/x.com\/pedresterapias","https:\/\/www.instagram.com\/pedresterapias\/"]}]}},"_links":{"self":[{"href":"https:\/\/pedresterapias.com\/ca\/wp-json\/wp\/v2\/pages\/1978","targetHints":{"allow":["GET"]}}],"collection":[{"href":"https:\/\/pedresterapias.com\/ca\/wp-json\/wp\/v2\/pages"}],"about":[{"href":"https:\/\/pedresterapias.com\/ca\/wp-json\/wp\/v2\/types\/page"}],"replies":[{"embeddable":true,"href":"https:\/\/pedresterapias.com\/ca\/wp-json\/wp\/v2\/comments?post=1978"}],"version-history":[{"count":0,"href":"https:\/\/pedresterapias.com\/ca\/wp-json\/wp\/v2\/pages\/1978\/revisions"}],"wp:featuredmedia":[{"embeddable":true,"href":"https:\/\/pedresterapias.com\/ca\/wp-json\/wp\/v2\/media\/1499"}],"wp:attachment":[{"href":"https:\/\/pedresterapias.com\/ca\/wp-json\/wp\/v2\/media?parent=1978"}],"curies":[{"name":"wp","href":"https:\/\/api.w.org\/{rel}","templated":true}]}}